{"id":1001409,"date":"2017-12-11T17:56:12","date_gmt":"2017-12-11T17:56:12","guid":{"rendered":"http:\/\/localhost\/yellow\/?page_id=1001409"},"modified":"2020-09-08T10:30:32","modified_gmt":"2020-09-08T10:30:32","slug":"historia","status":"publish","type":"page","link":"https:\/\/upc.mk\/sq\/historia\/","title":{"rendered":"Historia"},"content":{"rendered":"<p>{&#8220;main-title&#8221;:{&#8220;component&#8221;:&#8221;hc_title&#8221;,&#8221;id&#8221;:&#8221;main-title&#8221;,&#8221;title&#8221;:&#8221;Historia&#8221;,&#8221;subtitle&#8221;:&#8221;Tradit\u00eb e trash\u00ebguar&#8221;,&#8221;title_content&#8221;:{&#8220;component&#8221;:&#8221;hc_title_image&#8221;,&#8221;id&#8221;:&#8221;title-image&#8221;,&#8221;image&#8221;:&#8221;https:\/\/upc.mk\/wp-content\/uploads\/2019\/05\/3-historia-1024&#215;347.jpg|650|1920|100000878&#8243;,&#8221;full_screen&#8221;:false,&#8221;full_screen_height&#8221;:&#8221;&#8221;,&#8221;parallax&#8221;:true,&#8221;bleed&#8221;:&#8221;&#8221;,&#8221;ken_burn&#8221;:&#8221;ken-burn&#8221;,&#8221;overlay&#8221;:&#8221;transparent-dark&#8221;,&#8221;breadcrumbs&#8221;:true,&#8221;white&#8221;:true}},&#8221;section_5ZtkF&#8221;:{&#8220;component&#8221;:&#8221;hc_section&#8221;,&#8221;id&#8221;:&#8221;section_5ZtkF&#8221;,&#8221;section_width&#8221;:&#8221;&#8221;,&#8221;animation&#8221;:&#8221;&#8221;,&#8221;animation_time&#8221;:&#8221;&#8221;,&#8221;timeline_animation&#8221;:&#8221;&#8221;,&#8221;timeline_delay&#8221;:&#8221;&#8221;,&#8221;timeline_order&#8221;:&#8221;&#8221;,&#8221;vertical_row&#8221;:&#8221;&#8221;,&#8221;box_middle&#8221;:&#8221;&#8221;,&#8221;css_classes&#8221;:&#8221;&#8221;,&#8221;custom_css_classes&#8221;:&#8221;&#8221;,&#8221;custom_css_styles&#8221;:&#8221;&#8221;,&#8221;section_content&#8221;:[{&#8220;component&#8221;:&#8221;hc_column&#8221;,&#8221;id&#8221;:&#8221;column_PMLg2&#8243;,&#8221;column_width&#8221;:&#8221;col-md-12&#8243;,&#8221;animation&#8221;:&#8221;&#8221;,&#8221;animation_time&#8221;:&#8221;&#8221;,&#8221;timeline_animation&#8221;:&#8221;&#8221;,&#8221;timeline_delay&#8221;:&#8221;&#8221;,&#8221;timeline_order&#8221;:&#8221;&#8221;,&#8221;css_classes&#8221;:&#8221;&#8221;,&#8221;custom_css_classes&#8221;:&#8221;&#8221;,&#8221;custom_css_styles&#8221;:&#8221;&#8221;,&#8221;main_content&#8221;:[{&#8220;component&#8221;:&#8221;hc_timeline&#8221;,&#8221;id&#8221;:&#8221;PQ40Y&#8221;,&#8221;css_classes&#8221;:&#8221;&#8221;,&#8221;custom_css_classes&#8221;:&#8221;&#8221;,&#8221;custom_css_styles&#8221;:&#8221;&#8221;,&#8221;rows&#8221;:[{&#8220;component&#8221;:&#8221;repeater_item&#8221;,&#8221;id&#8221;:&#8221;Fu04j&#8221;,&#8221;title&#8221;:&#8221;Themelimi&#8221;,&#8221;subtitle&#8221;:&#8221;&#8221;,&#8221;content&#8221;:&#8221;Urban Plan Construction (UPC) \u00ebsht\u00eb kompani nd\u00ebrtimi vendore, e cila operon n\u00eb treg q\u00eb nga viti 1994. Emri i saj me t\u00eb cilin u njoh fillimisht ishte Shaza Komerc&#8221;,&#8221;position&#8221;:&#8221;&#8221;,&#8221;date&#8221;:&#8221;1994&#8243;,&#8221;date_subtitle&#8221;:&#8221;Themelimi&#8221;},{&#8220;component&#8221;:&#8221;repeater_item&#8221;,&#8221;id&#8221;:&#8221;z4EvC&#8221;,&#8221;title&#8221;:&#8221;Riem\u00ebrtimi&#8221;,&#8221;subtitle&#8221;:&#8221;&#8221;,&#8221;content&#8221;:&#8221;Zgjerimi i veprimtaris\u00eb dhe mbulimi i nj\u00eb pjese t\u00ebmadhe t\u00eb tregut, nxiti nevoj\u00ebn p\u00ebr t\u00eb b\u00ebr\u00eb riem\u00ebrimin e kompanis\u00eb, me nj\u00eb em\u00ebr m\u00eb t\u00eb pranuesh\u00ebm edhe p\u00ebr tregun nd\u00ebrkomb\u00ebtar.&#8221;,&#8221;position&#8221;:&#8221;right&#8221;,&#8221;date&#8221;:&#8221;2002&#8243;,&#8221;date_subtitle&#8221;:&#8221;Riem\u00ebrtimi&#8221;},{&#8220;component&#8221;:&#8221;repeater_item&#8221;,&#8221;id&#8221;:&#8221;qQTpO&#8221;,&#8221;title&#8221;:&#8221;Urban Plan Construcion&#8221;,&#8221;subtitle&#8221;:&#8221;&#8221;,&#8221;content&#8221;:&#8221;Duke siguruar standarde t\u00eb larta dhe efikasitet n\u00eb nd\u00ebrtim, UPC ka fituar besueshm\u00ebrin\u00eb e klient\u00ebve dhe investitor\u00ebve n\u00eb vend.&#8221;,&#8221;position&#8221;:&#8221;&#8221;,&#8221;date&#8221;:&#8221;2010&#8243;,&#8221;date_subtitle&#8221;:&#8221;Urban Plan Construcion&#8221;},{&#8220;component&#8221;:&#8221;repeater_item&#8221;,&#8221;id&#8221;:&#8221;gLBqY&#8221;,&#8221;title&#8221;:&#8221;Spitali p\u00ebr f\u00ebmij\u00eb n\u00eb Kozle&#8221;,&#8221;subtitle&#8221;:&#8221;Krijimi i besueshm\u00ebris\u00eb n\u00eb treg&#8221;,&#8221;content&#8221;:&#8221;UPC nd\u00ebrtoi nj\u00eb nd\u00ebr projektet m\u00eb t\u00eb m\u00ebdha n\u00eb sh\u00ebndet\u00ebsi ne Republik\u00ebn e Maqedonis\u00eb s\u00eb Veriut, n\u00eb baz\u00eb t\u00eb t\u00eb cilit do funksionojn\u00eb 18 ambulanca.&#8221;,&#8221;position&#8221;:&#8221;right&#8221;,&#8221;date&#8221;:&#8221;2012&#8243;,&#8221;date_subtitle&#8221;:&#8221;Krijimi i besueshm\u00ebris\u00eb n\u00eb treg&#8221;},{&#8220;component&#8221;:&#8221;repeater_item&#8221;,&#8221;id&#8221;:&#8221;EDAkA&#8221;,&#8221;title&#8221;:&#8221;Hapja e Gur\u00ebthyesit&#8221;,&#8221;subtitle&#8221;:&#8221;&#8221;,&#8221;content&#8221;:&#8221;N\u00eb kuad\u00ebr t\u00eb Urban Plan Contruction, hapet edhe fabrika p\u00ebr p\u00ebrpunimin e gurit n\u00eb Staro Selo t\u00eb Komun\u00ebs s\u00eb Jegunovc\u00ebs.&#8221;,&#8221;position&#8221;:&#8221;&#8221;,&#8221;date&#8221;:&#8221;2013&#8243;,&#8221;date_subtitle&#8221;:&#8221;Hapja e Gur\u00ebthyesit&#8221;},{&#8220;component&#8221;:&#8221;repeater_item&#8221;,&#8221;id&#8221;:&#8221;Luz2F&#8221;,&#8221;title&#8221;:&#8221;\u00c7mimi p\u00ebr sip\u00ebrmar\u00ebs t\u00eb vitit&#8221;,&#8221;subtitle&#8221;:&#8221;&#8221;,&#8221;content&#8221;:&#8221;K\u00ebt\u00eb vit Sejdi Shasivari me kompanin\u00eb Urban Plan Construction, fitoi \u00e7mimin \\&#8221;Sip\u00ebrmar\u00ebs i vitit 2014\\&#8221;.&#8221;,&#8221;position&#8221;:&#8221;right&#8221;,&#8221;date&#8221;:&#8221;2014&#8243;,&#8221;date_subtitle&#8221;:&#8221;\u00c7mimi p\u00ebr sip\u00ebrmar\u00ebs t\u00eb vitit&#8221;},{&#8220;component&#8221;:&#8221;repeater_item&#8221;,&#8221;id&#8221;:&#8221;TJadD&#8221;,&#8221;title&#8221;:&#8221;Minatori m\u00eb i mir\u00eb i vitit&#8221;,&#8221;subtitle&#8221;:&#8221;&#8221;,&#8221;content&#8221;:&#8221;Ministria e Ekonomis\u00ebe dekoron Gajur Shahsivarin me mir\u00ebnjohje p\u00ebr m\u00eb t\u00eb suksesshmit e vitit.&#8221;,&#8221;position&#8221;:&#8221;&#8221;,&#8221;date&#8221;:&#8221;2014&#8243;,&#8221;date_subtitle&#8221;:&#8221;Minatori m\u00eb i mir\u00eb  i vitit&#8221;},{&#8220;component&#8221;:&#8221;repeater_item&#8221;,&#8221;id&#8221;:&#8221;sa8nX&#8221;,&#8221;title&#8221;:&#8221;Hapja e Betonjerk\u00ebs&#8221;,&#8221;subtitle&#8221;:&#8221;&#8221;,&#8221;content&#8221;:&#8221;N\u00eb kuad\u00ebr t\u00eb Urban Plan Contruction, hapet edhe fabrika p\u00ebr prodhimin e betonit n\u00eb Sllatin\u00eb t\u00eb Komun\u00ebs s\u00eb Tearc\u00ebs.&#8221;,&#8221;position&#8221;:&#8221;right&#8221;,&#8221;date&#8221;:&#8221;2014&#8243;,&#8221;date_subtitle&#8221;:&#8221;Hapja e Betonjerk\u00ebs&#8221;},{&#8220;component&#8221;:&#8221;repeater_item&#8221;,&#8221;id&#8221;:&#8221;6l4Ue&#8221;,&#8221;title&#8221;:&#8221;Teatri i Tetov\u00ebs&#8221;,&#8221;subtitle&#8221;:&#8221;&#8221;,&#8221;content&#8221;:&#8221;Fiton tenderin p\u00ebr nd\u00ebrtimin e nj\u00eb prej projekteve m\u00eb t\u00eb m\u00ebdha t\u00eb karakterit kulturor shqiptar n\u00eb republik\u00ebn e Maqedonis\u00eb Veriore.&#8221;,&#8221;position&#8221;:&#8221;&#8221;,&#8221;date&#8221;:&#8221;2015&#8243;,&#8221;date_subtitle&#8221;:&#8221;Teatri i Tetov\u00ebs&#8221;},{&#8220;component&#8221;:&#8221;repeater_item&#8221;,&#8221;id&#8221;:&#8221;dgJxP&#8221;,&#8221;title&#8221;:&#8221;Nd\u00ebrtimi i hidrocentraleve&#8221;,&#8221;subtitle&#8221;:&#8221;&#8221;,&#8221;content&#8221;:&#8221;Veprimtaria e UPC-s\u00eb zhvillohet edhe n\u00eb d\u00ebrtimin e hidrocentraleve, t\u00eb cilat i p\u00ebrqendron rreth lumit Vardar n\u00eb rajonin e Tetov\u00ebs. &#8220;,&#8221;position&#8221;:&#8221;right&#8221;,&#8221;date&#8221;:&#8221;2015&#8243;,&#8221;date_subtitle&#8221;:&#8221;Nd\u00ebrtimi i hidrocentraleve&#8221;},{&#8220;component&#8221;:&#8221;repeater_item&#8221;,&#8221;id&#8221;:&#8221;n4j8x&#8221;,&#8221;title&#8221;:&#8221;Kontroll i cil\u00ebsis\u00eb&#8221;,&#8221;subtitle&#8221;:&#8221;&#8221;,&#8221;content&#8221;:&#8221;Laborator p\u00ebr vet\u00ebkontrollimin e cil\u00ebsis\u00eb s\u00eb betonit dhe zallit.&#8221;,&#8221;position&#8221;:&#8221;&#8221;,&#8221;date&#8221;:&#8221;2019&#8243;,&#8221;date_subtitle&#8221;:&#8221;Kontroll i cil\u00ebsis\u00eb&#8221;},{&#8220;component&#8221;:&#8221;repeater_item&#8221;,&#8221;id&#8221;:&#8221;Og2tu&#8221;,&#8221;title&#8221;:&#8221;Hapja e Gur\u00ebthyesit 2&#8243;,&#8221;subtitle&#8221;:&#8221;&#8221;,&#8221;content&#8221;:&#8221;N\u00eb kuad\u00ebr t\u00eb Urban Plan Contruction, hapet edhe fabrika e dyt\u00eb p\u00ebr p\u00ebrpunimin e gurit n\u00eb Staro Selo t\u00eb Komun\u00ebs s\u00eb Jegunovc\u00ebs.&#8221;,&#8221;position&#8221;:&#8221;right&#8221;,&#8221;date&#8221;:&#8221;2020&#8243;,&#8221;date_subtitle&#8221;:&#8221;Hapja e Gur\u00ebthyesit 2&#8243;}]}]}],&#8221;section_settings&#8221;:&#8221;&#8221;},&#8221;scripts&#8221;:{&#8220;parallax&#8221;:&#8221;parallax.min.js&#8221;,&#8221;components&#8221;:&#8221;jquery.tab-accordion.js&#8221;},&#8221;css&#8221;:{&#8220;components&#8221;:&#8221;css\/components.css&#8221;},&#8221;css_page&#8221;:&#8221;&#8221;,&#8221;template_setting&#8221;:{&#8220;settings&#8221;:{&#8220;id&#8221;:&#8221;settings&#8221;}},&#8221;template_setting_top&#8221;:{},&#8221;page_setting&#8221;:{&#8220;settings&#8221;:[&#8220;lock-mode-off&#8221;]}}<\/p>\n","protected":false},"excerpt":{"rendered":"<p>{&#8220;main-title&#8221;:{&#8220;component&#8221;:&#8221;hc_title&#8221;,&#8221;id&#8221;:&#8221;main-title&#8221;,&#8221;title&#8221;:&#8221;Historia&#8221;,&#8221;subtitle&#8221;:&#8221;Tradit\u00eb e trash\u00ebguar&#8221;,&#8221;title_content&#8221;:{&#8220;component&#8221;:&#8221;hc_title_image&#8221;,&#8221;id&#8221;:&#8221;title-image&#8221;,&#8221;image&#8221;:&#8221;https:\/\/upc.mk\/wp-content\/uploads\/2019\/05\/3-historia-1024&#215;347.jpg|650|1920|100000878&#8243;,&#8221;full_screen&#8221;:false,&#8221;full_screen_height&#8221;:&#8221;&#8221;,&#8221;parallax&#8221;:true,&#8221;bleed&#8221;:&#8221;&#8221;,&#8221;ken_burn&#8221;:&#8221;ken-burn&#8221;,&#8221;overlay&#8221;:&#8221;transparent-dark&#8221;,&#8221;breadcrumbs&#8221;:true,&#8221;white&#8221;:true}},&#8221;section_5ZtkF&#8221;:{&#8220;component&#8221;:&#8221;hc_section&#8221;,&#8221;id&#8221;:&#8221;section_5ZtkF&#8221;,&#8221;section_width&#8221;:&#8221;&#8221;,&#8221;animation&#8221;:&#8221;&#8221;,&#8221;animation_time&#8221;:&#8221;&#8221;,&#8221;timeline_animation&#8221;:&#8221;&#8221;,&#8221;timeline_delay&#8221;:&#8221;&#8221;,&#8221;timeline_order&#8221;:&#8221;&#8221;,&#8221;vertical_row&#8221;:&#8221;&#8221;,&#8221;box_middle&#8221;:&#8221;&#8221;,&#8221;css_classes&#8221;:&#8221;&#8221;,&#8221;custom_css_classes&#8221;:&#8221;&#8221;,&#8221;custom_css_styles&#8221;:&#8221;&#8221;,&#8221;section_content&#8221;:[{&#8220;component&#8221;:&#8221;hc_column&#8221;,&#8221;id&#8221;:&#8221;column_PMLg2&#8243;,&#8221;column_width&#8221;:&#8221;col-md-12&#8243;,&#8221;animation&#8221;:&#8221;&#8221;,&#8221;animation_time&#8221;:&#8221;&#8221;,&#8221;timeline_animation&#8221;:&#8221;&#8221;,&#8221;timeline_delay&#8221;:&#8221;&#8221;,&#8221;timeline_order&#8221;:&#8221;&#8221;,&#8221;css_classes&#8221;:&#8221;&#8221;,&#8221;custom_css_classes&#8221;:&#8221;&#8221;,&#8221;custom_css_styles&#8221;:&#8221;&#8221;,&#8221;main_content&#8221;:[{&#8220;component&#8221;:&#8221;hc_timeline&#8221;,&#8221;id&#8221;:&#8221;PQ40Y&#8221;,&#8221;css_classes&#8221;:&#8221;&#8221;,&#8221;custom_css_classes&#8221;:&#8221;&#8221;,&#8221;custom_css_styles&#8221;:&#8221;&#8221;,&#8221;rows&#8221;:[{&#8220;component&#8221;:&#8221;repeater_item&#8221;,&#8221;id&#8221;:&#8221;Fu04j&#8221;,&#8221;title&#8221;:&#8221;Themelimi&#8221;,&#8221;subtitle&#8221;:&#8221;&#8221;,&#8221;content&#8221;:&#8221;Urban Plan Construction (UPC) \u00ebsht\u00eb kompani nd\u00ebrtimi vendore, e cila operon n\u00eb treg q\u00eb nga viti 1994. Emri i saj me t\u00eb cilin u njoh fillimisht ishte Shaza Komerc&#8221;,&#8221;position&#8221;:&#8221;&#8221;,&#8221;date&#8221;:&#8221;1994&#8243;,&#8221;date_subtitle&#8221;:&#8221;Themelimi&#8221;},{&#8220;component&#8221;:&#8221;repeater_item&#8221;,&#8221;id&#8221;:&#8221;z4EvC&#8221;,&#8221;title&#8221;:&#8221;Riem\u00ebrtimi&#8221;,&#8221;subtitle&#8221;:&#8221;&#8221;,&#8221;content&#8221;:&#8221;Zgjerimi i veprimtaris\u00eb dhe mbulimi i nj\u00eb pjese t\u00ebmadhe t\u00eb tregut, nxiti nevoj\u00ebn p\u00ebr t\u00eb b\u00ebr\u00eb riem\u00ebrimin e kompanis\u00eb, me nj\u00eb em\u00ebr m\u00eb t\u00eb pranuesh\u00ebm [&hellip;]<\/p>\n","protected":false},"author":1,"featured_media":0,"parent":0,"menu_order":0,"comment_status":"closed","ping_status":"closed","template":"","meta":{"footnotes":""},"class_list":["post-1001409","page","type-page","status-publish","hentry"],"_links":{"self":[{"href":"https:\/\/upc.mk\/sq\/wp-json\/wp\/v2\/pages\/1001409","targetHints":{"allow":["GET"]}}],"collection":[{"href":"https:\/\/upc.mk\/sq\/wp-json\/wp\/v2\/pages"}],"about":[{"href":"https:\/\/upc.mk\/sq\/wp-json\/wp\/v2\/types\/page"}],"author":[{"embeddable":true,"href":"https:\/\/upc.mk\/sq\/wp-json\/wp\/v2\/users\/1"}],"replies":[{"embeddable":true,"href":"https:\/\/upc.mk\/sq\/wp-json\/wp\/v2\/comments?post=1001409"}],"version-history":[{"count":3,"href":"https:\/\/upc.mk\/sq\/wp-json\/wp\/v2\/pages\/1001409\/revisions"}],"predecessor-version":[{"id":100002512,"href":"https:\/\/upc.mk\/sq\/wp-json\/wp\/v2\/pages\/1001409\/revisions\/100002512"}],"wp:attachment":[{"href":"https:\/\/upc.mk\/sq\/wp-json\/wp\/v2\/media?parent=1001409"}],"curies":[{"name":"wp","href":"https:\/\/api.w.org\/{rel}","templated":true}]}}