{"id":1001385,"date":"2017-12-11T17:03:57","date_gmt":"2017-12-11T17:03:57","guid":{"rendered":"http:\/\/localhost\/yellow\/?page_id=1001385"},"modified":"2019-07-23T16:21:59","modified_gmt":"2019-07-23T16:21:59","slug":"arritjet-dhe-cmimet","status":"publish","type":"page","link":"https:\/\/upc.mk\/sq\/arritjet-dhe-cmimet\/","title":{"rendered":"Arritjet dhe \u00e7mimet"},"content":{"rendered":"<p>{&#8220;main-title&#8221;:{&#8220;component&#8221;:&#8221;hc_title&#8221;,&#8221;id&#8221;:&#8221;main-title&#8221;,&#8221;title&#8221;:&#8221;Arritjet dhe \u00e7mimet&#8221;,&#8221;subtitle&#8221;:&#8221;    Pasioni yn\u00eb p\u00ebr pun\u00ebn, kryerja e saj me seriozitet, sakt\u00ebsi dhe standarde t\u00eb larta na mund\u00ebson q\u00eb t\u00eb krijojm\u00eb mar\u00ebdh\u00ebnie t\u00eb sinqerta, profesionale dhe afatgjate me klient\u00ebt tan\u00eb. &#8220;,&#8221;title_content&#8221;:{&#8220;component&#8221;:&#8221;hc_title_image&#8221;,&#8221;id&#8221;:&#8221;title-image&#8221;,&#8221;image&#8221;:&#8221;https:\/\/upc.mk\/wp-content\/uploads\/2016\/12\/6b-aritjet-dhe-cmimet-1024&#215;347.jpg|650|1920|100000885&#8243;,&#8221;full_screen&#8221;:false,&#8221;full_screen_height&#8221;:&#8221;&#8221;,&#8221;parallax&#8221;:true,&#8221;bleed&#8221;:&#8221;&#8221;,&#8221;ken_burn&#8221;:&#8221;ken-burn&#8221;,&#8221;overlay&#8221;:&#8221;transparent-dark&#8221;,&#8221;breadcrumbs&#8221;:true,&#8221;white&#8221;:true}},&#8221;section_0YFaX&#8221;:{&#8220;component&#8221;:&#8221;hc_section&#8221;,&#8221;id&#8221;:&#8221;section_0YFaX&#8221;,&#8221;section_width&#8221;:&#8221;&#8221;,&#8221;animation&#8221;:&#8221;&#8221;,&#8221;animation_time&#8221;:&#8221;&#8221;,&#8221;timeline_animation&#8221;:&#8221;&#8221;,&#8221;timeline_delay&#8221;:&#8221;&#8221;,&#8221;timeline_order&#8221;:&#8221;&#8221;,&#8221;vertical_row&#8221;:&#8221;&#8221;,&#8221;box_middle&#8221;:&#8221;&#8221;,&#8221;css_classes&#8221;:&#8221;no-paddings-y &#8220;,&#8221;custom_css_classes&#8221;:&#8221;&#8221;,&#8221;custom_css_styles&#8221;:&#8221;&#8221;,&#8221;section_content&#8221;:[{&#8220;component&#8221;:&#8221;hc_column&#8221;,&#8221;id&#8221;:&#8221;column_ddq4b&#8221;,&#8221;column_width&#8221;:&#8221;col-md-12&#8243;,&#8221;animation&#8221;:&#8221;&#8221;,&#8221;animation_time&#8221;:&#8221;&#8221;,&#8221;timeline_animation&#8221;:&#8221;&#8221;,&#8221;timeline_delay&#8221;:&#8221;&#8221;,&#8221;timeline_order&#8221;:&#8221;&#8221;,&#8221;css_classes&#8221;:&#8221;&#8221;,&#8221;custom_css_classes&#8221;:&#8221;&#8221;,&#8221;custom_css_styles&#8221;:&#8221;&#8221;,&#8221;main_content&#8221;:[{&#8220;component&#8221;:&#8221;hc_text_block&#8221;,&#8221;id&#8221;:&#8221;Cz5ee&#8221;,&#8221;css_classes&#8221;:&#8221;&#8221;,&#8221;custom_css_classes&#8221;:&#8221;&#8221;,&#8221;custom_css_styles&#8221;:&#8221;&#8221;,&#8221;content&#8221;:&#8221;Reflektimi i nj\u00eb pune t\u00eb suksesshme pasqyrohet me arritjet dhe \u00e7mimet me t\u00eb cilat dekorohet kompania. UPC fal\u00eb pun\u00ebs s\u00eb saj seriozie dhe kualitative, ka arritur t\u00eb p\u00ebrfitoj\u00eb edhe \u00e7mime, t\u00eb cilat e dallojn\u00eb nga kompanit\u00eb tjera p\u00ebr suksesin e arritur. N\u00eb p\u00ebrvoj\u00ebn e saj, UPC ka arritur q\u00eb n\u00eb vitin 2014 t\u00eb fitoj\u00eb \u00e7mimin Sip\u00ebrmar\u00ebsi i Vitit.&#8221;},{&#8220;component&#8221;:&#8221;hc_space&#8221;,&#8221;id&#8221;:&#8221;GM70L&#8221;,&#8221;css_classes&#8221;:&#8221;&#8221;,&#8221;custom_css_classes&#8221;:&#8221;&#8221;,&#8221;custom_css_styles&#8221;:&#8221;&#8221;,&#8221;size&#8221;:&#8221;&#8221;,&#8221;height&#8221;:&#8221;&#8221;}]}],&#8221;section_settings&#8221;:&#8221;&#8221;},&#8221;section_Mz9pH&#8221;:{&#8220;component&#8221;:&#8221;hc_section&#8221;,&#8221;id&#8221;:&#8221;section_Mz9pH&#8221;,&#8221;section_width&#8221;:&#8221;&#8221;,&#8221;animation&#8221;:&#8221;&#8221;,&#8221;animation_time&#8221;:&#8221;&#8221;,&#8221;timeline_animation&#8221;:&#8221;&#8221;,&#8221;timeline_delay&#8221;:&#8221;&#8221;,&#8221;timeline_order&#8221;:&#8221;&#8221;,&#8221;vertical_row&#8221;:&#8221;&#8221;,&#8221;box_middle&#8221;:&#8221;&#8221;,&#8221;css_classes&#8221;:&#8221;&#8221;,&#8221;custom_css_classes&#8221;:&#8221;&#8221;,&#8221;custom_css_styles&#8221;:&#8221;&#8221;,&#8221;section_content&#8221;:[{&#8220;component&#8221;:&#8221;hc_column&#8221;,&#8221;id&#8221;:&#8221;column_CDTGs&#8221;,&#8221;column_width&#8221;:&#8221;col-md-12&#8243;,&#8221;animation&#8221;:&#8221;&#8221;,&#8221;animation_time&#8221;:&#8221;&#8221;,&#8221;timeline_animation&#8221;:&#8221;&#8221;,&#8221;timeline_delay&#8221;:&#8221;&#8221;,&#8221;timeline_order&#8221;:&#8221;&#8221;,&#8221;css_classes&#8221;:&#8221;&#8221;,&#8221;custom_css_classes&#8221;:&#8221;&#8221;,&#8221;custom_css_styles&#8221;:&#8221;&#8221;,&#8221;main_content&#8221;:[{&#8220;component&#8221;:&#8221;hc_column&#8221;,&#8221;id&#8221;:&#8221;column_z5DZe&#8221;,&#8221;column_width&#8221;:&#8221;col-md-12&#8243;,&#8221;animation&#8221;:&#8221;&#8221;,&#8221;animation_time&#8221;:&#8221;&#8221;,&#8221;timeline_animation&#8221;:&#8221;&#8221;,&#8221;timeline_delay&#8221;:&#8221;&#8221;,&#8221;timeline_order&#8221;:&#8221;&#8221;,&#8221;css_classes&#8221;:&#8221;&#8221;,&#8221;custom_css_classes&#8221;:&#8221;&#8221;,&#8221;custom_css_styles&#8221;:&#8221;&#8221;,&#8221;main_content&#8221;:[{&#8220;component&#8221;:&#8221;hc_image_slider&#8221;,&#8221;id&#8221;:&#8221;GjAei&#8221;,&#8221;css_classes&#8221;:&#8221;&#8221;,&#8221;custom_css_classes&#8221;:&#8221;arritje advs-box-top-icon-img niche-box-post&#8221;,&#8221;custom_css_styles&#8221;:&#8221;&#8221;,&#8221;slides&#8221;:[{&#8220;component&#8221;:&#8221;hc_upload_img&#8221;,&#8221;id&#8221;:&#8221;SuaUX&#8221;,&#8221;link&#8221;:&#8221;https:\/\/upc.mk\/wp-content\/uploads\/2019\/06\/Aritjet-1.jpg|450|801|100001147&#8243;},{&#8220;component&#8221;:&#8221;hc_upload_img&#8221;,&#8221;id&#8221;:&#8221;LaQeJ&#8221;,&#8221;link&#8221;:&#8221;https:\/\/upc.mk\/wp-content\/uploads\/2019\/06\/Aritjet-1b.jpg|450|800|100001143&#8243;}],&#8221;outer_arrows&#8221;:false,&#8221;visible_arrows&#8221;:false,&#8221;nav_inner&#8221;:false,&#8221;lightbox&#8221;:true,&#8221;lightbox_animation&#8221;:&#8221;&#8221;,&#8221;image_animation&#8221;:&#8221;&#8221;,&#8221;thumb_size&#8221;:&#8221;full&#8221;,&#8221;image_size&#8221;:&#8221;full&#8221;,&#8221;thumbnail&#8221;:false,&#8221;png-over&#8221;:false,&#8221;custom_classes&#8221;:&#8221;&#8221;,&#8221;trigger&#8221;:&#8221;&#8221;,&#8221;data_options&#8221;:&#8221;slideshowSpeed:2000,controlNav:false,directionNav:false,numItems:2&#8243;,&#8221;type&#8221;:&#8221;slider&#8221;},{&#8220;component&#8221;:&#8221;hc_space&#8221;,&#8221;id&#8221;:&#8221;JRMwd&#8221;,&#8221;css_classes&#8221;:&#8221;&#8221;,&#8221;custom_css_classes&#8221;:&#8221;&#8221;,&#8221;custom_css_styles&#8221;:&#8221;&#8221;,&#8221;size&#8221;:&#8221;s&#8221;,&#8221;height&#8221;:&#8221;&#8221;},{&#8220;component&#8221;:&#8221;hc_title_tag&#8221;,&#8221;id&#8221;:&#8221;sw8oH&#8221;,&#8221;css_classes&#8221;:&#8221;&#8221;,&#8221;custom_css_classes&#8221;:&#8221;&#8221;,&#8221;custom_css_styles&#8221;:&#8221;&#8221;,&#8221;text&#8221;:&#8221;Sip\u00ebrmarr\u00ebsi i Vitit 2014&#8243;,&#8221;tag&#8221;:&#8221;h3&#8243;},{&#8220;component&#8221;:&#8221;hc_text_block&#8221;,&#8221;id&#8221;:&#8221;JIrjQ&#8221;,&#8221;css_classes&#8221;:&#8221;&#8221;,&#8221;custom_css_classes&#8221;:&#8221;&#8221;,&#8221;custom_css_styles&#8221;:&#8221;&#8221;,&#8221;content&#8221;:&#8221;N\u00eb ceremonin\u00eb e mbajtur nga Oda Ekonomike e Maqedonis\u00eb, u ndan\u00eb \u00e7mime p\u00ebr kompanit\u00eb me sukses m\u00eb t\u00eb madh n\u00eb fusha t\u00eb ndryshme. Nj\u00eb nga kompanit\u00eb t\u00eb cilat u dekoruan me \u00e7mim ishte edhe Urban Plan Constraction. P\u00ebrfaq\u00ebsuesit e kompanis\u00eb t\u00eb cil\u00ebt ishin pjesmar\u00ebs u shpreh\u00ebn t\u00eb k\u00ebnaqur nga vler\u00ebsimi p\u00ebr kompanin\u00eb dhe se do t\u00eb vazhdojn\u00eb edhe m\u00eb tej t\u00eb punojn\u00eb p\u00ebr t\u00eb arritur edhe suksese t\u00eb tjera.&#8221;},{&#8220;component&#8221;:&#8221;hc_space&#8221;,&#8221;id&#8221;:&#8221;kUHUX&#8221;,&#8221;css_classes&#8221;:&#8221;&#8221;,&#8221;custom_css_classes&#8221;:&#8221;&#8221;,&#8221;custom_css_styles&#8221;:&#8221;&#8221;,&#8221;size&#8221;:&#8221;l&#8221;,&#8221;height&#8221;:&#8221;&#8221;}]}]},{&#8220;component&#8221;:&#8221;hc_column&#8221;,&#8221;id&#8221;:&#8221;column_yFcSW&#8221;,&#8221;column_width&#8221;:&#8221;col-md-12&#8243;,&#8221;animation&#8221;:&#8221;&#8221;,&#8221;animation_time&#8221;:&#8221;&#8221;,&#8221;timeline_animation&#8221;:&#8221;&#8221;,&#8221;timeline_delay&#8221;:&#8221;&#8221;,&#8221;timeline_order&#8221;:&#8221;&#8221;,&#8221;css_classes&#8221;:&#8221;&#8221;,&#8221;custom_css_classes&#8221;:&#8221;&#8221;,&#8221;custom_css_styles&#8221;:&#8221;&#8221;,&#8221;main_content&#8221;:[{&#8220;component&#8221;:&#8221;hc_column&#8221;,&#8221;id&#8221;:&#8221;uRXFP&#8221;,&#8221;column_width&#8221;:&#8221;col-md-12&#8243;,&#8221;animation&#8221;:&#8221;&#8221;,&#8221;animation_time&#8221;:&#8221;&#8221;,&#8221;timeline_animation&#8221;:&#8221;&#8221;,&#8221;timeline_delay&#8221;:&#8221;&#8221;,&#8221;timeline_order&#8221;:&#8221;&#8221;,&#8221;css_classes&#8221;:&#8221;&#8221;,&#8221;custom_css_classes&#8221;:&#8221;&#8221;,&#8221;custom_css_styles&#8221;:&#8221;&#8221;,&#8221;main_content&#8221;:[{&#8220;component&#8221;:&#8221;hc_adv_image_box&#8221;,&#8221;id&#8221;:&#8221;lAewx&#8221;,&#8221;css_classes&#8221;:&#8221;&#8221;,&#8221;custom_css_classes&#8221;:&#8221;arritje advs-box-top-icon-img niche-box-post&#8221;,&#8221;custom_css_styles&#8221;:&#8221;&#8221;,&#8221;image&#8221;:&#8221;https:\/\/upc.mk\/wp-content\/uploads\/2019\/06\/Aritjet-2.jpg|451|801|100001140&#8243;,&#8221;icon&#8221;:&#8221;&#8221;,&#8221;title&#8221;:&#8221;&#8221;,&#8221;box_style&#8221;:&#8221;classic_box&#8221;,&#8221;image_animation&#8221;:&#8221;&#8221;,&#8221;hidden_content&#8221;:true,&#8221;thumb_size&#8221;:&#8221;large&#8221;,&#8221;button_text&#8221;:&#8221;&#8221;,&#8221;button_style&#8221;:&#8221;circle&#8221;,&#8221;button_dimensions&#8221;:&#8221;&#8221;,&#8221;button_animation&#8221;:false,&#8221;extra_text&#8221;:&#8221;&#8221;,&#8221;subtitle&#8221;:&#8221;&#8221;,&#8221;text&#8221;:&#8221;&#8221;,&#8221;link_type&#8221;:&#8221;lightbox&#8221;,&#8221;lightbox_animation&#8221;:&#8221;&#8221;,&#8221;caption&#8221;:&#8221;&#8221;,&#8221;inner_caption&#8221;:false,&#8221;new_window&#8221;:false,&#8221;link&#8221;:&#8221;https:\/\/upc.mk\/wp-content\/uploads\/2019\/06\/Aritjet-2.jpg&#8221;,&#8221;link_content&#8221;:[],&#8221;lightbox_size&#8221;:&#8221;&#8221;,&#8221;scrollbox&#8221;:false},{&#8220;component&#8221;:&#8221;hc_space&#8221;,&#8221;id&#8221;:&#8221;VOYFC&#8221;,&#8221;css_classes&#8221;:&#8221;&#8221;,&#8221;custom_css_classes&#8221;:&#8221;&#8221;,&#8221;custom_css_styles&#8221;:&#8221;&#8221;,&#8221;size&#8221;:&#8221;s&#8221;,&#8221;height&#8221;:&#8221;&#8221;},{&#8220;component&#8221;:&#8221;hc_title_tag&#8221;,&#8221;id&#8221;:&#8221;5KUUI&#8221;,&#8221;css_classes&#8221;:&#8221;&#8221;,&#8221;custom_css_classes&#8221;:&#8221;&#8221;,&#8221;custom_css_styles&#8221;:&#8221;&#8221;,&#8221;text&#8221;:&#8221;Minatori m\u00eb i mir\u00eb i Vitit&#8221;,&#8221;tag&#8221;:&#8221;h3&#8243;},{&#8220;component&#8221;:&#8221;hc_text_block&#8221;,&#8221;id&#8221;:&#8221;b5LGZ&#8221;,&#8221;css_classes&#8221;:&#8221;&#8221;,&#8221;custom_css_classes&#8221;:&#8221;&#8221;,&#8221;custom_css_styles&#8221;:&#8221;&#8221;,&#8221;content&#8221;:&#8221;Ministria e Ekonomis\u00eb e dekoron Gajur Shahsivarin me mir\u00ebnjohje p\u00ebr m\u00eb t\u00eb suksesshmit e vitit.&#8221;},{&#8220;component&#8221;:&#8221;hc_space&#8221;,&#8221;id&#8221;:&#8221;VoL7Q&#8221;,&#8221;css_classes&#8221;:&#8221;&#8221;,&#8221;custom_css_classes&#8221;:&#8221;&#8221;,&#8221;custom_css_styles&#8221;:&#8221;&#8221;,&#8221;size&#8221;:&#8221;l&#8221;,&#8221;height&#8221;:&#8221;&#8221;}]}]},{&#8220;component&#8221;:&#8221;hc_column&#8221;,&#8221;id&#8221;:&#8221;column_mJnqf&#8221;,&#8221;column_width&#8221;:&#8221;col-md-12&#8243;,&#8221;animation&#8221;:&#8221;&#8221;,&#8221;animation_time&#8221;:&#8221;&#8221;,&#8221;timeline_animation&#8221;:&#8221;&#8221;,&#8221;timeline_delay&#8221;:&#8221;&#8221;,&#8221;timeline_order&#8221;:&#8221;&#8221;,&#8221;css_classes&#8221;:&#8221;&#8221;,&#8221;custom_css_classes&#8221;:&#8221;&#8221;,&#8221;custom_css_styles&#8221;:&#8221;&#8221;,&#8221;main_content&#8221;:[{&#8220;component&#8221;:&#8221;hc_column&#8221;,&#8221;id&#8221;:&#8221;vIFVX&#8221;,&#8221;column_width&#8221;:&#8221;col-md-12&#8243;,&#8221;animation&#8221;:&#8221;&#8221;,&#8221;animation_time&#8221;:&#8221;&#8221;,&#8221;timeline_animation&#8221;:&#8221;&#8221;,&#8221;timeline_delay&#8221;:&#8221;&#8221;,&#8221;timeline_order&#8221;:&#8221;&#8221;,&#8221;css_classes&#8221;:&#8221;&#8221;,&#8221;custom_css_classes&#8221;:&#8221;&#8221;,&#8221;custom_css_styles&#8221;:&#8221;&#8221;,&#8221;main_content&#8221;:[{&#8220;component&#8221;:&#8221;hc_adv_image_box&#8221;,&#8221;id&#8221;:&#8221;5YwkJ&#8221;,&#8221;css_classes&#8221;:&#8221;&#8221;,&#8221;custom_css_classes&#8221;:&#8221;arritje advs-box-top-icon-img niche-box-post&#8221;,&#8221;custom_css_styles&#8221;:&#8221;&#8221;,&#8221;image&#8221;:&#8221;https:\/\/upc.mk\/wp-content\/uploads\/2019\/07\/Aritjet-33.jpg|450|800|100001191&#8243;,&#8221;icon&#8221;:&#8221;&#8221;,&#8221;title&#8221;:&#8221;&#8221;,&#8221;box_style&#8221;:&#8221;classic_box&#8221;,&#8221;image_animation&#8221;:&#8221;&#8221;,&#8221;hidden_content&#8221;:true,&#8221;thumb_size&#8221;:&#8221;large&#8221;,&#8221;button_text&#8221;:&#8221;&#8221;,&#8221;button_style&#8221;:&#8221;circle&#8221;,&#8221;button_dimensions&#8221;:&#8221;&#8221;,&#8221;button_animation&#8221;:false,&#8221;extra_text&#8221;:&#8221;&#8221;,&#8221;subtitle&#8221;:&#8221;&#8221;,&#8221;text&#8221;:&#8221;&#8221;,&#8221;link_type&#8221;:&#8221;lightbox&#8221;,&#8221;lightbox_animation&#8221;:&#8221;&#8221;,&#8221;caption&#8221;:&#8221;&#8221;,&#8221;inner_caption&#8221;:false,&#8221;new_window&#8221;:false,&#8221;link&#8221;:&#8221;https:\/\/upc.mk\/wp-content\/uploads\/2019\/07\/Aritjet-33.jpg&#8221;,&#8221;link_content&#8221;:[],&#8221;lightbox_size&#8221;:&#8221;&#8221;,&#8221;scrollbox&#8221;:false},{&#8220;component&#8221;:&#8221;hc_space&#8221;,&#8221;id&#8221;:&#8221;TBmiK&#8221;,&#8221;css_classes&#8221;:&#8221;&#8221;,&#8221;custom_css_classes&#8221;:&#8221;&#8221;,&#8221;custom_css_styles&#8221;:&#8221;&#8221;,&#8221;size&#8221;:&#8221;s&#8221;,&#8221;height&#8221;:&#8221;&#8221;},{&#8220;component&#8221;:&#8221;hc_title_tag&#8221;,&#8221;id&#8221;:&#8221;noA7V&#8221;,&#8221;css_classes&#8221;:&#8221;&#8221;,&#8221;custom_css_classes&#8221;:&#8221;&#8221;,&#8221;custom_css_styles&#8221;:&#8221;&#8221;,&#8221;text&#8221;:&#8221;Krijimi i besueshm\u00ebris\u00eb n\u00eb treg&#8221;,&#8221;tag&#8221;:&#8221;h3&#8243;},{&#8220;component&#8221;:&#8221;hc_text_block&#8221;,&#8221;id&#8221;:&#8221;SR2B7&#8243;,&#8221;css_classes&#8221;:&#8221;&#8221;,&#8221;custom_css_classes&#8221;:&#8221;&#8221;,&#8221;custom_css_styles&#8221;:&#8221;&#8221;,&#8221;content&#8221;:&#8221;UPC nd\u00ebrtoi nj\u00eb nd\u00ebr projektet m\u00eb t\u00eb m\u00ebdha n\u00eb sh\u00ebndet\u00ebsi ne Republik\u00ebn e Maqedonis\u00eb s\u00eb Veriut, n\u00eb baz\u00eb t\u00eb t\u00eb cilit do funksionojn\u00eb 18 ambulanca.&#8221;},{&#8220;component&#8221;:&#8221;hc_space&#8221;,&#8221;id&#8221;:&#8221;O69Uc&#8221;,&#8221;css_classes&#8221;:&#8221;&#8221;,&#8221;custom_css_classes&#8221;:&#8221;&#8221;,&#8221;custom_css_styles&#8221;:&#8221;&#8221;,&#8221;size&#8221;:&#8221;l&#8221;,&#8221;height&#8221;:&#8221;&#8221;}]}]}],&#8221;section_settings&#8221;:&#8221;&#8221;},&#8221;scripts&#8221;:{&#8220;parallax&#8221;:&#8221;parallax.min.js&#8221;,&#8221;flexslider&#8221;:&#8221;flexslider\/jquery.flexslider-min.js&#8221;,&#8221;lightbox&#8221;:&#8221;jquery.magnific-popup.min.js&#8221;},&#8221;css&#8221;:{&#8220;flexslider&#8221;:&#8221;scripts\/flexslider\/flexslider.css&#8221;,&#8221;lightbox&#8221;:&#8221;scripts\/magnific-popup.css&#8221;,&#8221;image_box&#8221;:&#8221;css\/image-box.css&#8221;},&#8221;css_page&#8221;:&#8221;&#8221;,&#8221;template_setting&#8221;:{&#8220;settings&#8221;:{&#8220;id&#8221;:&#8221;settings&#8221;}},&#8221;template_setting_top&#8221;:{},&#8221;page_setting&#8221;:{&#8220;settings&#8221;:[&#8220;lock-mode-off&#8221;]}}<\/p>\n","protected":false},"excerpt":{"rendered":"<p>{&#8220;main-title&#8221;:{&#8220;component&#8221;:&#8221;hc_title&#8221;,&#8221;id&#8221;:&#8221;main-title&#8221;,&#8221;title&#8221;:&#8221;Arritjet dhe \u00e7mimet&#8221;,&#8221;subtitle&#8221;:&#8221; Pasioni yn\u00eb p\u00ebr pun\u00ebn, kryerja e saj me seriozitet, sakt\u00ebsi dhe standarde t\u00eb larta na mund\u00ebson q\u00eb t\u00eb krijojm\u00eb mar\u00ebdh\u00ebnie t\u00eb sinqerta, profesionale dhe afatgjate me klient\u00ebt tan\u00eb. &#8220;,&#8221;title_content&#8221;:{&#8220;component&#8221;:&#8221;hc_title_image&#8221;,&#8221;id&#8221;:&#8221;title-image&#8221;,&#8221;image&#8221;:&#8221;https:\/\/upc.mk\/wp-content\/uploads\/2016\/12\/6b-aritjet-dhe-cmimet-1024&#215;347.jpg|650|1920|100000885&#8243;,&#8221;full_screen&#8221;:false,&#8221;full_screen_height&#8221;:&#8221;&#8221;,&#8221;parallax&#8221;:true,&#8221;bleed&#8221;:&#8221;&#8221;,&#8221;ken_burn&#8221;:&#8221;ken-burn&#8221;,&#8221;overlay&#8221;:&#8221;transparent-dark&#8221;,&#8221;breadcrumbs&#8221;:true,&#8221;white&#8221;:true}},&#8221;section_0YFaX&#8221;:{&#8220;component&#8221;:&#8221;hc_section&#8221;,&#8221;id&#8221;:&#8221;section_0YFaX&#8221;,&#8221;section_width&#8221;:&#8221;&#8221;,&#8221;animation&#8221;:&#8221;&#8221;,&#8221;animation_time&#8221;:&#8221;&#8221;,&#8221;timeline_animation&#8221;:&#8221;&#8221;,&#8221;timeline_delay&#8221;:&#8221;&#8221;,&#8221;timeline_order&#8221;:&#8221;&#8221;,&#8221;vertical_row&#8221;:&#8221;&#8221;,&#8221;box_middle&#8221;:&#8221;&#8221;,&#8221;css_classes&#8221;:&#8221;no-paddings-y &#8220;,&#8221;custom_css_classes&#8221;:&#8221;&#8221;,&#8221;custom_css_styles&#8221;:&#8221;&#8221;,&#8221;section_content&#8221;:[{&#8220;component&#8221;:&#8221;hc_column&#8221;,&#8221;id&#8221;:&#8221;column_ddq4b&#8221;,&#8221;column_width&#8221;:&#8221;col-md-12&#8243;,&#8221;animation&#8221;:&#8221;&#8221;,&#8221;animation_time&#8221;:&#8221;&#8221;,&#8221;timeline_animation&#8221;:&#8221;&#8221;,&#8221;timeline_delay&#8221;:&#8221;&#8221;,&#8221;timeline_order&#8221;:&#8221;&#8221;,&#8221;css_classes&#8221;:&#8221;&#8221;,&#8221;custom_css_classes&#8221;:&#8221;&#8221;,&#8221;custom_css_styles&#8221;:&#8221;&#8221;,&#8221;main_content&#8221;:[{&#8220;component&#8221;:&#8221;hc_text_block&#8221;,&#8221;id&#8221;:&#8221;Cz5ee&#8221;,&#8221;css_classes&#8221;:&#8221;&#8221;,&#8221;custom_css_classes&#8221;:&#8221;&#8221;,&#8221;custom_css_styles&#8221;:&#8221;&#8221;,&#8221;content&#8221;:&#8221;Reflektimi i nj\u00eb pune t\u00eb suksesshme pasqyrohet me arritjet dhe \u00e7mimet me t\u00eb cilat dekorohet kompania. UPC fal\u00eb pun\u00ebs s\u00eb saj seriozie dhe [&hellip;]<\/p>\n","protected":false},"author":1,"featured_media":0,"parent":0,"menu_order":0,"comment_status":"closed","ping_status":"closed","template":"","meta":{"footnotes":""},"class_list":["post-1001385","page","type-page","status-publish","hentry"],"_links":{"self":[{"href":"https:\/\/upc.mk\/sq\/wp-json\/wp\/v2\/pages\/1001385","targetHints":{"allow":["GET"]}}],"collection":[{"href":"https:\/\/upc.mk\/sq\/wp-json\/wp\/v2\/pages"}],"about":[{"href":"https:\/\/upc.mk\/sq\/wp-json\/wp\/v2\/types\/page"}],"author":[{"embeddable":true,"href":"https:\/\/upc.mk\/sq\/wp-json\/wp\/v2\/users\/1"}],"replies":[{"embeddable":true,"href":"https:\/\/upc.mk\/sq\/wp-json\/wp\/v2\/comments?post=1001385"}],"version-history":[{"count":3,"href":"https:\/\/upc.mk\/sq\/wp-json\/wp\/v2\/pages\/1001385\/revisions"}],"predecessor-version":[{"id":100001203,"href":"https:\/\/upc.mk\/sq\/wp-json\/wp\/v2\/pages\/1001385\/revisions\/100001203"}],"wp:attachment":[{"href":"https:\/\/upc.mk\/sq\/wp-json\/wp\/v2\/media?parent=1001385"}],"curies":[{"name":"wp","href":"https:\/\/api.w.org\/{rel}","templated":true}]}}