{"id":1001377,"date":"2017-12-11T16:50:10","date_gmt":"2017-12-11T16:50:10","guid":{"rendered":"http:\/\/localhost\/yellow\/?page_id=1001377"},"modified":"2019-06-21T17:07:08","modified_gmt":"2019-06-21T17:07:08","slug":"brendi","status":"publish","type":"page","link":"https:\/\/upc.mk\/sq\/brendi\/","title":{"rendered":"Brendi"},"content":{"rendered":"<p>{&#8220;main-title&#8221;:{&#8220;component&#8221;:&#8221;hc_title&#8221;,&#8221;id&#8221;:&#8221;main-title&#8221;,&#8221;title&#8221;:&#8221;Brendi&#8221;,&#8221;subtitle&#8221;:&#8221;Origjina e kompanis\u00eb&#8221;,&#8221;title_content&#8221;:{&#8220;component&#8221;:&#8221;hc_title_image&#8221;,&#8221;id&#8221;:&#8221;title-image&#8221;,&#8221;image&#8221;:&#8221;https:\/\/upc.mk\/wp-content\/uploads\/2019\/05\/7-brendi-1024&#215;347.jpg|650|1920|100000889&#8243;,&#8221;full_screen&#8221;:false,&#8221;full_screen_height&#8221;:&#8221;&#8221;,&#8221;parallax&#8221;:true,&#8221;bleed&#8221;:&#8221;&#8221;,&#8221;ken_burn&#8221;:&#8221;ken-burn&#8221;,&#8221;overlay&#8221;:&#8221;transparent-dark&#8221;,&#8221;breadcrumbs&#8221;:true,&#8221;white&#8221;:true}},&#8221;section_5ZtkF&#8221;:{&#8220;component&#8221;:&#8221;hc_section&#8221;,&#8221;id&#8221;:&#8221;section_5ZtkF&#8221;,&#8221;section_width&#8221;:&#8221;&#8221;,&#8221;animation&#8221;:&#8221;&#8221;,&#8221;animation_time&#8221;:&#8221;&#8221;,&#8221;timeline_animation&#8221;:&#8221;&#8221;,&#8221;timeline_delay&#8221;:&#8221;&#8221;,&#8221;timeline_order&#8221;:&#8221;&#8221;,&#8221;vertical_row&#8221;:&#8221;&#8221;,&#8221;box_middle&#8221;:&#8221;&#8221;,&#8221;css_classes&#8221;:&#8221;&#8221;,&#8221;custom_css_classes&#8221;:&#8221;&#8221;,&#8221;custom_css_styles&#8221;:&#8221;&#8221;,&#8221;section_content&#8221;:[{&#8220;component&#8221;:&#8221;hc_column&#8221;,&#8221;id&#8221;:&#8221;column_SW7eY&#8221;,&#8221;column_width&#8221;:&#8221;col-md-4&#8243;,&#8221;animation&#8221;:&#8221;&#8221;,&#8221;animation_time&#8221;:&#8221;&#8221;,&#8221;timeline_animation&#8221;:&#8221;&#8221;,&#8221;timeline_delay&#8221;:&#8221;&#8221;,&#8221;timeline_order&#8221;:&#8221;&#8221;,&#8221;css_classes&#8221;:&#8221;col-sm-12 &#8220;,&#8221;custom_css_classes&#8221;:&#8221;&#8221;,&#8221;custom_css_styles&#8221;:&#8221;&#8221;,&#8221;main_content&#8221;:[{&#8220;component&#8221;:&#8221;hc_title_tag&#8221;,&#8221;id&#8221;:&#8221;xdc5Z&#8221;,&#8221;css_classes&#8221;:&#8221;&#8221;,&#8221;custom_css_classes&#8221;:&#8221;&#8221;,&#8221;custom_css_styles&#8221;:&#8221;&#8221;,&#8221;text&#8221;:&#8221;Origjina&#8221;,&#8221;tag&#8221;:&#8221;h2&#8243;},{&#8220;component&#8221;:&#8221;hc_text_block&#8221;,&#8221;id&#8221;:&#8221;ACV9k&#8221;,&#8221;css_classes&#8221;:&#8221;&#8221;,&#8221;custom_css_classes&#8221;:&#8221;&#8221;,&#8221;custom_css_styles&#8221;:&#8221;&#8221;,&#8221;content&#8221;:&#8221;Kompania jon\u00eb u formua n\u00eb vitin 1994 si Shaza Komerc, n\u00eb vitin 2002 u njoh me emrin Shaza Trans, kurse q\u00eb nga viti 2010 njihet si Urban Plan Construction ku si e till\u00eb vazhdon t\u00eb funksionoj\u00eb edhe sot.&#8221;},{&#8220;component&#8221;:&#8221;hc_separator&#8221;,&#8221;id&#8221;:&#8221;LyWiD&#8221;,&#8221;css_classes&#8221;:&#8221;&#8221;,&#8221;custom_css_classes&#8221;:&#8221;&#8221;,&#8221;custom_css_styles&#8221;:&#8221;&#8221;,&#8221;style&#8221;:&#8221;&#8221;},{&#8220;component&#8221;:&#8221;hc_title_tag&#8221;,&#8221;id&#8221;:&#8221;Xsmy7&#8243;,&#8221;css_classes&#8221;:&#8221;&#8221;,&#8221;custom_css_classes&#8221;:&#8221;&#8221;,&#8221;custom_css_styles&#8221;:&#8221;&#8221;,&#8221;text&#8221;:&#8221;Emri&#8221;,&#8221;tag&#8221;:&#8221;h2&#8243;},{&#8220;component&#8221;:&#8221;hc_text_block&#8221;,&#8221;id&#8221;:&#8221;P0JtF&#8221;,&#8221;css_classes&#8221;:&#8221;&#8221;,&#8221;custom_css_classes&#8221;:&#8221;&#8221;,&#8221;custom_css_styles&#8221;:&#8221;&#8221;,&#8221;content&#8221;:&#8221;Emri Shaza Komerc u formua nga mbiemri i pronarit \\&#8221;Shasirvari\\&#8221;. Nvar\u00ebsisht nga veprimtaria kompanis\u00eb i shtohej edhe pjesa tjet\u00ebr e p\u00ebrshtatur, Komerc, Trans, etj. Urban Plan Construction \\nerdhi si nevoj\u00eb e zgjerimit t\u00eb tregut dhe adaptimit m\u00eb t\u00eb leht\u00eb. Dometh\u00ebnia e emrit \u00ebsht\u00eb q\u00eb \u00e7do gj\u00eb t\u00eb nd\u00ebrtohet me planifikim.&#8221;}]},{&#8220;component&#8221;:&#8221;hc_column&#8221;,&#8221;id&#8221;:&#8221;column_QNwyY&#8221;,&#8221;column_width&#8221;:&#8221;col-md-4&#8243;,&#8221;animation&#8221;:&#8221;&#8221;,&#8221;animation_time&#8221;:&#8221;&#8221;,&#8221;timeline_animation&#8221;:&#8221;&#8221;,&#8221;timeline_delay&#8221;:&#8221;&#8221;,&#8221;timeline_order&#8221;:&#8221;&#8221;,&#8221;css_classes&#8221;:&#8221;col-sm-12 &#8220;,&#8221;custom_css_classes&#8221;:&#8221;&#8221;,&#8221;custom_css_styles&#8221;:&#8221;&#8221;,&#8221;main_content&#8221;:[{&#8220;component&#8221;:&#8221;hc_image&#8221;,&#8221;id&#8221;:&#8221;zQ06z&#8221;,&#8221;css_classes&#8221;:&#8221;&#8221;,&#8221;custom_css_classes&#8221;:&#8221;&#8221;,&#8221;custom_css_styles&#8221;:&#8221;&#8221;,&#8221;image&#8221;:&#8221;https:\/\/upc.mk\/wp-content\/uploads\/2016\/12\/logo.jpg|620|982|100000004&#8243;,&#8221;alt&#8221;:&#8221;&#8221;,&#8221;thumb_size&#8221;:&#8221;large&#8221;},{&#8220;component&#8221;:&#8221;hc_space&#8221;,&#8221;id&#8221;:&#8221;tf9Ns&#8221;,&#8221;css_classes&#8221;:&#8221;&#8221;,&#8221;custom_css_classes&#8221;:&#8221;&#8221;,&#8221;custom_css_styles&#8221;:&#8221;&#8221;,&#8221;size&#8221;:&#8221;m&#8221;,&#8221;height&#8221;:&#8221;&#8221;},{&#8220;component&#8221;:&#8221;hc_title_tag&#8221;,&#8221;id&#8221;:&#8221;Xzqn7&#8243;,&#8221;css_classes&#8221;:&#8221;&#8221;,&#8221;custom_css_classes&#8221;:&#8221;&#8221;,&#8221;custom_css_styles&#8221;:&#8221;&#8221;,&#8221;text&#8221;:&#8221;Logo&#8221;,&#8221;tag&#8221;:&#8221;h2&#8243;},{&#8220;component&#8221;:&#8221;hc_text_block&#8221;,&#8221;id&#8221;:&#8221;K3oYn&#8221;,&#8221;css_classes&#8221;:&#8221;&#8221;,&#8221;custom_css_classes&#8221;:&#8221;&#8221;,&#8221;custom_css_styles&#8221;:&#8221;&#8221;,&#8221;content&#8221;:&#8221;Eshte dizajnuar n\u00eb baz\u00eb t\u00eb konceptit t\u00eb nd\u00ebrtimtaris\u00eb. Ajo paraqet silueten e disa objekteve t\u00eb nd\u00ebrtuara, nd\u00ebrsa UPC jan\u00eb shkurtesat e emrit t\u00eb kompanis\u00eb me t\u00eb cilat njihet edhe n\u00eb treg.&#8221;},{&#8220;component&#8221;:&#8221;hc_button&#8221;,&#8221;id&#8221;:&#8221;AaIEq&#8221;,&#8221;css_classes&#8221;:&#8221;&#8221;,&#8221;custom_css_classes&#8221;:&#8221;&#8221;,&#8221;custom_css_styles&#8221;:&#8221;&#8221;,&#8221;icon&#8221;:&#8221;fa fa-download&#8221;,&#8221;style&#8221;:&#8221;square&#8221;,&#8221;size&#8221;:&#8221;&#8221;,&#8221;position&#8221;:&#8221;left&#8221;,&#8221;animation&#8221;:false,&#8221;text&#8221;:&#8221;Shkarko logon&#8221;,&#8221;link_type&#8221;:&#8221;classic&#8221;,&#8221;lightbox_animation&#8221;:&#8221;&#8221;,&#8221;caption&#8221;:&#8221;&#8221;,&#8221;inner_caption&#8221;:false,&#8221;new_window&#8221;:false,&#8221;link&#8221;:&#8221;https:\/\/upc.mk\/wp-content\/uploads\/2016\/12\/logo.zip&#8221;,&#8221;link_content&#8221;:[],&#8221;lightbox_size&#8221;:&#8221;&#8221;,&#8221;scrollbox&#8221;:false}]},{&#8220;component&#8221;:&#8221;hc_column&#8221;,&#8221;id&#8221;:&#8221;column_hTopx&#8221;,&#8221;column_width&#8221;:&#8221;col-md-4&#8243;,&#8221;animation&#8221;:&#8221;&#8221;,&#8221;animation_time&#8221;:&#8221;&#8221;,&#8221;timeline_animation&#8221;:&#8221;&#8221;,&#8221;timeline_delay&#8221;:&#8221;&#8221;,&#8221;timeline_order&#8221;:&#8221;&#8221;,&#8221;css_classes&#8221;:&#8221;col-sm-12 &#8220;,&#8221;custom_css_classes&#8221;:&#8221;&#8221;,&#8221;custom_css_styles&#8221;:&#8221;&#8221;,&#8221;main_content&#8221;:[{&#8220;component&#8221;:&#8221;hc_image&#8221;,&#8221;id&#8221;:&#8221;VIqts&#8221;,&#8221;css_classes&#8221;:&#8221;&#8221;,&#8221;custom_css_classes&#8221;:&#8221;&#8221;,&#8221;custom_css_styles&#8221;:&#8221;&#8221;,&#8221;image&#8221;:&#8221;https:\/\/upc.mk\/wp-content\/uploads\/2016\/12\/logo.jpg|620|982|100000004&#8243;,&#8221;alt&#8221;:&#8221;&#8221;,&#8221;thumb_size&#8221;:&#8221;large&#8221;},{&#8220;component&#8221;:&#8221;hc_space&#8221;,&#8221;id&#8221;:&#8221;JZc8S&#8221;,&#8221;css_classes&#8221;:&#8221;&#8221;,&#8221;custom_css_classes&#8221;:&#8221;&#8221;,&#8221;custom_css_styles&#8221;:&#8221;&#8221;,&#8221;size&#8221;:&#8221;m&#8221;,&#8221;height&#8221;:&#8221;&#8221;},{&#8220;component&#8221;:&#8221;hc_title_tag&#8221;,&#8221;id&#8221;:&#8221;Im9s2&#8243;,&#8221;css_classes&#8221;:&#8221;&#8221;,&#8221;custom_css_classes&#8221;:&#8221;&#8221;,&#8221;custom_css_styles&#8221;:&#8221;&#8221;,&#8221;text&#8221;:&#8221;Slogani&#8221;,&#8221;tag&#8221;:&#8221;h2&#8243;},{&#8220;component&#8221;:&#8221;hc_text_block&#8221;,&#8221;id&#8221;:&#8221;ubWG3&#8243;,&#8221;css_classes&#8221;:&#8221;&#8221;,&#8221;custom_css_classes&#8221;:&#8221;&#8221;,&#8221;custom_css_styles&#8221;:&#8221;&#8221;,&#8221;content&#8221;:&#8221;We build the future \u2013 Tanim\u00eb disa vite kompania jon\u00eb p\u00ebrmes k\u00ebtij slogani thekson vler\u00ebn e klient\u00ebve t\u00eb saj. Puna jon\u00eb \u00ebsht\u00eb q\u00eb t\u2019u japim m\u00eb t\u00eb mir\u00ebn klient\u00ebve tan\u00eb. Ne nd\u00ebrtojm\u00eb t\u00eb ardhmen q\u00eb ju e d\u00ebshironi dhe p\u00ebr ne ky \u00ebsht\u00eb suksesi.&#8221;},{&#8220;component&#8221;:&#8221;hc_button&#8221;,&#8221;id&#8221;:&#8221;S3lMh&#8221;,&#8221;css_classes&#8221;:&#8221;&#8221;,&#8221;custom_css_classes&#8221;:&#8221;&#8221;,&#8221;custom_css_styles&#8221;:&#8221;&#8221;,&#8221;icon&#8221;:&#8221;fa fa-download&#8221;,&#8221;style&#8221;:&#8221;square&#8221;,&#8221;size&#8221;:&#8221;&#8221;,&#8221;position&#8221;:&#8221;left&#8221;,&#8221;animation&#8221;:false,&#8221;text&#8221;:&#8221;Shkarko sloganin&#8221;,&#8221;link_type&#8221;:&#8221;classic&#8221;,&#8221;lightbox_animation&#8221;:&#8221;&#8221;,&#8221;caption&#8221;:&#8221;&#8221;,&#8221;inner_caption&#8221;:false,&#8221;new_window&#8221;:false,&#8221;link&#8221;:&#8221;https:\/\/upc.mk\/wp-content\/uploads\/2016\/12\/logo_slogan.zip&#8221;,&#8221;link_content&#8221;:[],&#8221;lightbox_size&#8221;:&#8221;&#8221;,&#8221;scrollbox&#8221;:false}]}],&#8221;section_settings&#8221;:&#8221;&#8221;},&#8221;scripts&#8221;:{&#8220;parallax&#8221;:&#8221;parallax.min.js&#8221;},&#8221;css&#8221;:{},&#8221;css_page&#8221;:&#8221;&#8221;,&#8221;template_setting&#8221;:{&#8220;settings&#8221;:{&#8220;id&#8221;:&#8221;settings&#8221;}},&#8221;template_setting_top&#8221;:{},&#8221;page_setting&#8221;:{&#8220;settings&#8221;:[&#8220;lock-mode-off&#8221;]}}<\/p>\n","protected":false},"excerpt":{"rendered":"<p>{&#8220;main-title&#8221;:{&#8220;component&#8221;:&#8221;hc_title&#8221;,&#8221;id&#8221;:&#8221;main-title&#8221;,&#8221;title&#8221;:&#8221;Brendi&#8221;,&#8221;subtitle&#8221;:&#8221;Origjina e kompanis\u00eb&#8221;,&#8221;title_content&#8221;:{&#8220;component&#8221;:&#8221;hc_title_image&#8221;,&#8221;id&#8221;:&#8221;title-image&#8221;,&#8221;image&#8221;:&#8221;https:\/\/upc.mk\/wp-content\/uploads\/2019\/05\/7-brendi-1024&#215;347.jpg|650|1920|100000889&#8243;,&#8221;full_screen&#8221;:false,&#8221;full_screen_height&#8221;:&#8221;&#8221;,&#8221;parallax&#8221;:true,&#8221;bleed&#8221;:&#8221;&#8221;,&#8221;ken_burn&#8221;:&#8221;ken-burn&#8221;,&#8221;overlay&#8221;:&#8221;transparent-dark&#8221;,&#8221;breadcrumbs&#8221;:true,&#8221;white&#8221;:true}},&#8221;section_5ZtkF&#8221;:{&#8220;component&#8221;:&#8221;hc_section&#8221;,&#8221;id&#8221;:&#8221;section_5ZtkF&#8221;,&#8221;section_width&#8221;:&#8221;&#8221;,&#8221;animation&#8221;:&#8221;&#8221;,&#8221;animation_time&#8221;:&#8221;&#8221;,&#8221;timeline_animation&#8221;:&#8221;&#8221;,&#8221;timeline_delay&#8221;:&#8221;&#8221;,&#8221;timeline_order&#8221;:&#8221;&#8221;,&#8221;vertical_row&#8221;:&#8221;&#8221;,&#8221;box_middle&#8221;:&#8221;&#8221;,&#8221;css_classes&#8221;:&#8221;&#8221;,&#8221;custom_css_classes&#8221;:&#8221;&#8221;,&#8221;custom_css_styles&#8221;:&#8221;&#8221;,&#8221;section_content&#8221;:[{&#8220;component&#8221;:&#8221;hc_column&#8221;,&#8221;id&#8221;:&#8221;column_SW7eY&#8221;,&#8221;column_width&#8221;:&#8221;col-md-4&#8243;,&#8221;animation&#8221;:&#8221;&#8221;,&#8221;animation_time&#8221;:&#8221;&#8221;,&#8221;timeline_animation&#8221;:&#8221;&#8221;,&#8221;timeline_delay&#8221;:&#8221;&#8221;,&#8221;timeline_order&#8221;:&#8221;&#8221;,&#8221;css_classes&#8221;:&#8221;col-sm-12 &#8220;,&#8221;custom_css_classes&#8221;:&#8221;&#8221;,&#8221;custom_css_styles&#8221;:&#8221;&#8221;,&#8221;main_content&#8221;:[{&#8220;component&#8221;:&#8221;hc_title_tag&#8221;,&#8221;id&#8221;:&#8221;xdc5Z&#8221;,&#8221;css_classes&#8221;:&#8221;&#8221;,&#8221;custom_css_classes&#8221;:&#8221;&#8221;,&#8221;custom_css_styles&#8221;:&#8221;&#8221;,&#8221;text&#8221;:&#8221;Origjina&#8221;,&#8221;tag&#8221;:&#8221;h2&#8243;},{&#8220;component&#8221;:&#8221;hc_text_block&#8221;,&#8221;id&#8221;:&#8221;ACV9k&#8221;,&#8221;css_classes&#8221;:&#8221;&#8221;,&#8221;custom_css_classes&#8221;:&#8221;&#8221;,&#8221;custom_css_styles&#8221;:&#8221;&#8221;,&#8221;content&#8221;:&#8221;Kompania jon\u00eb u formua n\u00eb vitin 1994 si Shaza Komerc, n\u00eb vitin 2002 u njoh me emrin Shaza Trans, kurse q\u00eb nga viti 2010 njihet si Urban Plan Construction ku si e till\u00eb vazhdon t\u00eb funksionoj\u00eb edhe sot.&#8221;},{&#8220;component&#8221;:&#8221;hc_separator&#8221;,&#8221;id&#8221;:&#8221;LyWiD&#8221;,&#8221;css_classes&#8221;:&#8221;&#8221;,&#8221;custom_css_classes&#8221;:&#8221;&#8221;,&#8221;custom_css_styles&#8221;:&#8221;&#8221;,&#8221;style&#8221;:&#8221;&#8221;},{&#8220;component&#8221;:&#8221;hc_title_tag&#8221;,&#8221;id&#8221;:&#8221;Xsmy7&#8243;,&#8221;css_classes&#8221;:&#8221;&#8221;,&#8221;custom_css_classes&#8221;:&#8221;&#8221;,&#8221;custom_css_styles&#8221;:&#8221;&#8221;,&#8221;text&#8221;:&#8221;Emri&#8221;,&#8221;tag&#8221;:&#8221;h2&#8243;},{&#8220;component&#8221;:&#8221;hc_text_block&#8221;,&#8221;id&#8221;:&#8221;P0JtF&#8221;,&#8221;css_classes&#8221;:&#8221;&#8221;,&#8221;custom_css_classes&#8221;:&#8221;&#8221;,&#8221;custom_css_styles&#8221;:&#8221;&#8221;,&#8221;content&#8221;:&#8221;Emri Shaza Komerc u formua nga mbiemri i pronarit \\&#8221;Shasirvari\\&#8221;. Nvar\u00ebsisht nga veprimtaria kompanis\u00eb i [&hellip;]<\/p>\n","protected":false},"author":1,"featured_media":0,"parent":0,"menu_order":0,"comment_status":"closed","ping_status":"closed","template":"","meta":{"footnotes":""},"class_list":["post-1001377","page","type-page","status-publish","hentry"],"_links":{"self":[{"href":"https:\/\/upc.mk\/sq\/wp-json\/wp\/v2\/pages\/1001377","targetHints":{"allow":["GET"]}}],"collection":[{"href":"https:\/\/upc.mk\/sq\/wp-json\/wp\/v2\/pages"}],"about":[{"href":"https:\/\/upc.mk\/sq\/wp-json\/wp\/v2\/types\/page"}],"author":[{"embeddable":true,"href":"https:\/\/upc.mk\/sq\/wp-json\/wp\/v2\/users\/1"}],"replies":[{"embeddable":true,"href":"https:\/\/upc.mk\/sq\/wp-json\/wp\/v2\/comments?post=1001377"}],"version-history":[{"count":3,"href":"https:\/\/upc.mk\/sq\/wp-json\/wp\/v2\/pages\/1001377\/revisions"}],"predecessor-version":[{"id":100001036,"href":"https:\/\/upc.mk\/sq\/wp-json\/wp\/v2\/pages\/1001377\/revisions\/100001036"}],"wp:attachment":[{"href":"https:\/\/upc.mk\/sq\/wp-json\/wp\/v2\/media?parent=1001377"}],"curies":[{"name":"wp","href":"https:\/\/api.w.org\/{rel}","templated":true}]}}