{"id":100000770,"date":"2019-05-01T13:36:50","date_gmt":"2019-05-01T13:36:50","guid":{"rendered":"https:\/\/upc.mk\/?page_id=100000770"},"modified":"2019-06-22T08:20:28","modified_gmt":"2019-06-22T08:20:28","slug":"rreth-nesh","status":"publish","type":"page","link":"https:\/\/upc.mk\/sq\/rreth-nesh\/","title":{"rendered":"Rreth Nesh"},"content":{"rendered":"<p>{&#8220;main-title&#8221;:{&#8220;component&#8221;:&#8221;hc_title&#8221;,&#8221;id&#8221;:&#8221;main-title&#8221;,&#8221;title&#8221;:&#8221;About us two&#8221;,&#8221;subtitle&#8221;:&#8221;Jemi ngritur mbi vlera, prandaj q\u00ebndrojm\u00eb fuqish\u00ebm n\u00eb k\u00ebmb\u00eb&#8221;,&#8221;title_content&#8221;:{&#8220;component&#8221;:&#8221;hc_title_image&#8221;,&#8221;id&#8221;:&#8221;title-image&#8221;,&#8221;image&#8221;:&#8221;https:\/\/upc.mk\/wp-content\/uploads\/2019\/05\/2-ret-nesh-1024&#215;347.jpg|650|1920|100000873&#8243;,&#8221;full_screen&#8221;:false,&#8221;full_screen_height&#8221;:&#8221;&#8221;,&#8221;parallax&#8221;:true,&#8221;bleed&#8221;:&#8221;&#8221;,&#8221;ken_burn&#8221;:&#8221;ken-burn&#8221;,&#8221;overlay&#8221;:&#8221;transparent-dark&#8221;,&#8221;breadcrumbs&#8221;:true,&#8221;white&#8221;:true}},&#8221;section_Zjwvn&#8221;:{&#8220;component&#8221;:&#8221;hc_section&#8221;,&#8221;id&#8221;:&#8221;section_Zjwvn&#8221;,&#8221;section_width&#8221;:&#8221;&#8221;,&#8221;animation&#8221;:&#8221;&#8221;,&#8221;animation_time&#8221;:&#8221;&#8221;,&#8221;timeline_animation&#8221;:&#8221;&#8221;,&#8221;timeline_delay&#8221;:&#8221;&#8221;,&#8221;timeline_order&#8221;:&#8221;&#8221;,&#8221;vertical_row&#8221;:&#8221;&#8221;,&#8221;box_middle&#8221;:&#8221;&#8221;,&#8221;css_classes&#8221;:&#8221;no-padding-bottom &#8220;,&#8221;custom_css_classes&#8221;:&#8221;&#8221;,&#8221;custom_css_styles&#8221;:&#8221;&#8221;,&#8221;section_content&#8221;:[{&#8220;component&#8221;:&#8221;hc_column&#8221;,&#8221;id&#8221;:&#8221;X0moe&#8221;,&#8221;column_width&#8221;:&#8221;col-md-12&#8243;,&#8221;animation&#8221;:&#8221;&#8221;,&#8221;animation_time&#8221;:&#8221;&#8221;,&#8221;timeline_animation&#8221;:&#8221;&#8221;,&#8221;timeline_delay&#8221;:&#8221;&#8221;,&#8221;timeline_order&#8221;:&#8221;&#8221;,&#8221;css_classes&#8221;:&#8221;vertical-row &#8220;,&#8221;custom_css_classes&#8221;:&#8221;&#8221;,&#8221;custom_css_styles&#8221;:&#8221;&#8221;,&#8221;main_content&#8221;:[{&#8220;component&#8221;:&#8221;hc_column&#8221;,&#8221;id&#8221;:&#8221;MQSgS&#8221;,&#8221;column_width&#8221;:&#8221;col-md-12&#8243;,&#8221;animation&#8221;:&#8221;&#8221;,&#8221;animation_time&#8221;:&#8221;&#8221;,&#8221;timeline_animation&#8221;:&#8221;&#8221;,&#8221;timeline_delay&#8221;:&#8221;&#8221;,&#8221;timeline_order&#8221;:&#8221;&#8221;,&#8221;css_classes&#8221;:&#8221;col-sm-12 &#8220;,&#8221;custom_css_classes&#8221;:&#8221;&#8221;,&#8221;custom_css_styles&#8221;:&#8221;&#8221;,&#8221;main_content&#8221;:[{&#8220;component&#8221;:&#8221;hc_column&#8221;,&#8221;id&#8221;:&#8221;cz1CB&#8221;,&#8221;column_width&#8221;:&#8221;col-md-6&#8243;,&#8221;animation&#8221;:&#8221;&#8221;,&#8221;animation_time&#8221;:&#8221;&#8221;,&#8221;timeline_animation&#8221;:&#8221;&#8221;,&#8221;timeline_delay&#8221;:&#8221;&#8221;,&#8221;timeline_order&#8221;:&#8221;&#8221;,&#8221;css_classes&#8221;:&#8221;col-sm-6 &#8220;,&#8221;custom_css_classes&#8221;:&#8221;&#8221;,&#8221;custom_css_styles&#8221;:&#8221;&#8221;,&#8221;main_content&#8221;:[{&#8220;component&#8221;:&#8221;hc_image&#8221;,&#8221;id&#8221;:&#8221;USU6r&#8221;,&#8221;css_classes&#8221;:&#8221;&#8221;,&#8221;custom_css_classes&#8221;:&#8221;&#8221;,&#8221;custom_css_styles&#8221;:&#8221;&#8221;,&#8221;image&#8221;:&#8221;https:\/\/upc.mk\/wp-content\/uploads\/2019\/05\/sejdi-1024&#215;765.jpg|765|1024|100001018&#8243;,&#8221;alt&#8221;:&#8221;&#8221;,&#8221;thumb_size&#8221;:&#8221;large&#8221;}]},{&#8220;component&#8221;:&#8221;hc_column&#8221;,&#8221;id&#8221;:&#8221;2XD2O&#8221;,&#8221;column_width&#8221;:&#8221;col-md-6&#8243;,&#8221;animation&#8221;:&#8221;&#8221;,&#8221;animation_time&#8221;:&#8221;&#8221;,&#8221;timeline_animation&#8221;:&#8221;&#8221;,&#8221;timeline_delay&#8221;:&#8221;&#8221;,&#8221;timeline_order&#8221;:&#8221;&#8221;,&#8221;css_classes&#8221;:&#8221;col-sm-12 &#8220;,&#8221;custom_css_classes&#8221;:&#8221;&#8221;,&#8221;custom_css_styles&#8221;:&#8221;&#8221;,&#8221;main_content&#8221;:[{&#8220;component&#8221;:&#8221;hc_title_tag&#8221;,&#8221;id&#8221;:&#8221;W6qVF&#8221;,&#8221;css_classes&#8221;:&#8221;no-margins text-color &#8220;,&#8221;custom_css_classes&#8221;:&#8221;&#8221;,&#8221;custom_css_styles&#8221;:&#8221;&#8221;,&#8221;text&#8221;:&#8221;We build&#8221;,&#8221;tag&#8221;:&#8221;h1&#8243;},{&#8220;component&#8221;:&#8221;hc_title_tag&#8221;,&#8221;id&#8221;:&#8221;OpsKx&#8221;,&#8221;css_classes&#8221;:&#8221;&#8221;,&#8221;custom_css_classes&#8221;:&#8221;&#8221;,&#8221;custom_css_styles&#8221;:&#8221;&#8221;,&#8221;text&#8221;:&#8221;the future&#8221;,&#8221;tag&#8221;:&#8221;h1&#8243;},{&#8220;component&#8221;:&#8221;hc_text_block&#8221;,&#8221;id&#8221;:&#8221;NHlIP&#8221;,&#8221;css_classes&#8221;:&#8221;&#8221;,&#8221;custom_css_classes&#8221;:&#8221;&#8221;,&#8221;custom_css_styles&#8221;:&#8221;&#8221;,&#8221;content&#8221;:&#8221;Urban Plan Construction (UPC) \u00ebsht\u00eb nj\u00eb kompani nd\u00ebrtimi vendore e cila operon n\u00eb treg q\u00eb n\u00eb vitin 1994. Kompania fillimisht u themelua si Shaza Komerc, nd\u00ebrsa n\u00eb vitin 2002 do t\u00eb njihet me emrin Shaza Trans. Transformimin m\u00eb t\u00eb madh si kompani e arriti n\u00eb vitin 2010 ku u em\u00ebrua si Urban Plan Construction. \\nKompania fillimisht u formua me hapa t\u00eb ngadalt\u00eb por t\u00eb sigurt\u00eb. Themeluesit e kompanis\u00eb ishin v\u00ebllez\u00ebrit Shasivari, duke pasur gjithmon\u00eb  mb\u00ebshtetjen e prindit. Investimi n\u00eb pun\u00eb kualitative dhe p\u00ebrq\u00ebndrimi n\u00eb arritjen e q\u00ebllimit t\u00eb klient\u00ebve, kompanis\u00eb I mund\u00ebsoi fitimin e besimit n\u00eb treg dhe rritjen e vlerave.  K\u00ebshtu ajo arriti n\u00eb zgjerimin e saj dhe u b\u00eb konkurrente e fort\u00eb n\u00eb tregun e nd\u00ebrtimit.  \\nKy sukses vazhdon vit pas viti, duke e d\u00ebshmuar me n\u00ebnshkrimin e kontratave dhe kryerjen e projekteve t\u00eb r\u00ebnd\u00ebsishme, si n\u00eb sektorin shtet\u00ebror ashtu edhe n\u00eb at\u00eb privat. &#8220;}]}]}]}],&#8221;section_settings&#8221;:&#8221;&#8221;},&#8221;section_5ZtkF&#8221;:{&#8220;component&#8221;:&#8221;hc_section&#8221;,&#8221;id&#8221;:&#8221;section_5ZtkF&#8221;,&#8221;section_width&#8221;:&#8221;&#8221;,&#8221;animation&#8221;:&#8221;&#8221;,&#8221;animation_time&#8221;:&#8221;&#8221;,&#8221;timeline_animation&#8221;:&#8221;&#8221;,&#8221;timeline_delay&#8221;:&#8221;&#8221;,&#8221;timeline_order&#8221;:&#8221;&#8221;,&#8221;vertical_row&#8221;:&#8221;&#8221;,&#8221;box_middle&#8221;:&#8221;&#8221;,&#8221;css_classes&#8221;:&#8221;no-padding-bottom &#8220;,&#8221;custom_css_classes&#8221;:&#8221;&#8221;,&#8221;custom_css_styles&#8221;:&#8221;&#8221;,&#8221;section_content&#8221;:[{&#8220;component&#8221;:&#8221;hc_column&#8221;,&#8221;id&#8221;:&#8221;column_gB2fC&#8221;,&#8221;column_width&#8221;:&#8221;col-md-12&#8243;,&#8221;animation&#8221;:&#8221;&#8221;,&#8221;animation_time&#8221;:&#8221;&#8221;,&#8221;timeline_animation&#8221;:&#8221;&#8221;,&#8221;timeline_delay&#8221;:&#8221;&#8221;,&#8221;timeline_order&#8221;:&#8221;&#8221;,&#8221;css_classes&#8221;:&#8221;&#8221;,&#8221;custom_css_classes&#8221;:&#8221;&#8221;,&#8221;custom_css_styles&#8221;:&#8221;&#8221;,&#8221;main_content&#8221;:[{&#8220;component&#8221;:&#8221;hc_column&#8221;,&#8221;id&#8221;:&#8221;column_AA0tB&#8221;,&#8221;column_width&#8221;:&#8221;col-md-4&#8243;,&#8221;animation&#8221;:&#8221;&#8221;,&#8221;animation_time&#8221;:&#8221;&#8221;,&#8221;timeline_animation&#8221;:&#8221;&#8221;,&#8221;timeline_delay&#8221;:&#8221;&#8221;,&#8221;timeline_order&#8221;:&#8221;&#8221;,&#8221;css_classes&#8221;:&#8221;&#8221;,&#8221;custom_css_classes&#8221;:&#8221;&#8221;,&#8221;custom_css_styles&#8221;:&#8221;&#8221;,&#8221;main_content&#8221;:[{&#8220;component&#8221;:&#8221;hc_content_box&#8221;,&#8221;id&#8221;:&#8221;IaDlA&#8221;,&#8221;css_classes&#8221;:&#8221;&#8221;,&#8221;custom_css_classes&#8221;:&#8221;&#8221;,&#8221;custom_css_styles&#8221;:&#8221;&#8221;,&#8221;image&#8221;:&#8221;&#8221;,&#8221;title&#8221;:&#8221;Vizioni&#8221;,&#8221;icon&#8221;:&#8221;fa fa-bullhorn&#8221;,&#8221;icon_style&#8221;:&#8221;&#8221;,&#8221;icon_image&#8221;:&#8221;&#8221;,&#8221;box_style&#8221;:&#8221;top_icon&#8221;,&#8221;boxed&#8221;:false,&#8221;boxed_inverse&#8221;:true,&#8221;title_size&#8221;:&#8221;&#8221;,&#8221;text_size&#8221;:&#8221;&#8221;,&#8221;button_text&#8221;:&#8221;&#8221;,&#8221;button_style&#8221;:&#8221;circle&#8221;,&#8221;button_dimensions&#8221;:&#8221;&#8221;,&#8221;button_animation&#8221;:false,&#8221;extra_content&#8221;:&#8221;&#8221;,&#8221;extra_content_2&#8243;:&#8221;&#8221;,&#8221;text&#8221;:&#8221;Ne, p\u00ebrve\u00e7 se ndikojm\u00eb n\u00eb kualitetin e jet\u00ebs tuaj, ne nd\u00ebrtojm\u00eb edhe kompanin\u00eb ton\u00eb, prandaj si kompani kemi vendosur q\u00eb t\u00eb kemi nj\u00eb vision; objektet tona t\u00eb jen\u00eb strehim edhe i brezave t\u00eb ardhsh\u00ebm. \\n&#8221;,&#8221;link_type&#8221;:&#8221;classic&#8221;,&#8221;lightbox_animation&#8221;:&#8221;&#8221;,&#8221;caption&#8221;:&#8221;&#8221;,&#8221;inner_caption&#8221;:false,&#8221;new_window&#8221;:false,&#8221;link&#8221;:&#8221;&#8221;,&#8221;link_content&#8221;:[],&#8221;lightbox_size&#8221;:&#8221;&#8221;,&#8221;scrollbox&#8221;:false}]},{&#8220;component&#8221;:&#8221;hc_column&#8221;,&#8221;id&#8221;:&#8221;column_V1hGS&#8221;,&#8221;column_width&#8221;:&#8221;col-md-4&#8243;,&#8221;animation&#8221;:&#8221;&#8221;,&#8221;animation_time&#8221;:&#8221;&#8221;,&#8221;timeline_animation&#8221;:&#8221;&#8221;,&#8221;timeline_delay&#8221;:&#8221;&#8221;,&#8221;timeline_order&#8221;:&#8221;&#8221;,&#8221;css_classes&#8221;:&#8221;&#8221;,&#8221;custom_css_classes&#8221;:&#8221;&#8221;,&#8221;custom_css_styles&#8221;:&#8221;&#8221;,&#8221;main_content&#8221;:[{&#8220;component&#8221;:&#8221;hc_content_box&#8221;,&#8221;id&#8221;:&#8221;huKHk&#8221;,&#8221;css_classes&#8221;:&#8221;&#8221;,&#8221;custom_css_classes&#8221;:&#8221;&#8221;,&#8221;custom_css_styles&#8221;:&#8221;&#8221;,&#8221;image&#8221;:&#8221;&#8221;,&#8221;title&#8221;:&#8221;Misioni&#8221;,&#8221;icon&#8221;:&#8221;fa fa-bullhorn&#8221;,&#8221;icon_style&#8221;:&#8221;&#8221;,&#8221;icon_image&#8221;:&#8221;&#8221;,&#8221;box_style&#8221;:&#8221;top_icon&#8221;,&#8221;boxed&#8221;:false,&#8221;boxed_inverse&#8221;:true,&#8221;title_size&#8221;:&#8221;&#8221;,&#8221;text_size&#8221;:&#8221;&#8221;,&#8221;button_text&#8221;:&#8221;&#8221;,&#8221;button_style&#8221;:&#8221;circle&#8221;,&#8221;button_dimensions&#8221;:&#8221;&#8221;,&#8221;button_animation&#8221;:false,&#8221;extra_content&#8221;:&#8221;&#8221;,&#8221;extra_content_2&#8243;:&#8221;&#8221;,&#8221;text&#8221;:&#8221;Arritja n\u00eb majen m\u00eb t\u00eb lart\u00eb t\u00eb tregut dikur ka qen\u00eb \u00ebnd\u00ebrr e kompanis\u00eb, nd\u00ebrsa sot ajo \u00ebsht\u00eb mision, t\u00eb cilin hap pas hapi po e realizojm\u00eb. Puna jon\u00eb trgon se ne jemi shum\u00eb af\u00ebr tij dhe s\u00eb shpejti, me pun\u00eb meritore, do t\u00eb em\u00ebrtohemi edhe si kompani lidere n\u00eb tregun e nd\u00ebrtimit.\\n&#8221;,&#8221;link_type&#8221;:&#8221;classic&#8221;,&#8221;lightbox_animation&#8221;:&#8221;&#8221;,&#8221;caption&#8221;:&#8221;&#8221;,&#8221;inner_caption&#8221;:false,&#8221;new_window&#8221;:false,&#8221;link&#8221;:&#8221;&#8221;,&#8221;link_content&#8221;:[],&#8221;lightbox_size&#8221;:&#8221;&#8221;,&#8221;scrollbox&#8221;:false}]},{&#8220;component&#8221;:&#8221;hc_column&#8221;,&#8221;id&#8221;:&#8221;column_4Be2E&#8221;,&#8221;column_width&#8221;:&#8221;col-md-4&#8243;,&#8221;animation&#8221;:&#8221;&#8221;,&#8221;animation_time&#8221;:&#8221;&#8221;,&#8221;timeline_animation&#8221;:&#8221;&#8221;,&#8221;timeline_delay&#8221;:&#8221;&#8221;,&#8221;timeline_order&#8221;:&#8221;&#8221;,&#8221;css_classes&#8221;:&#8221;&#8221;,&#8221;custom_css_classes&#8221;:&#8221;&#8221;,&#8221;custom_css_styles&#8221;:&#8221;&#8221;,&#8221;main_content&#8221;:[{&#8220;component&#8221;:&#8221;hc_content_box&#8221;,&#8221;id&#8221;:&#8221;k07VM&#8221;,&#8221;css_classes&#8221;:&#8221;&#8221;,&#8221;custom_css_classes&#8221;:&#8221;&#8221;,&#8221;custom_css_styles&#8221;:&#8221;&#8221;,&#8221;image&#8221;:&#8221;&#8221;,&#8221;title&#8221;:&#8221;Vlerat &#8220;,&#8221;icon&#8221;:&#8221;fa fa-bullhorn&#8221;,&#8221;icon_style&#8221;:&#8221;&#8221;,&#8221;icon_image&#8221;:&#8221;&#8221;,&#8221;box_style&#8221;:&#8221;top_icon&#8221;,&#8221;boxed&#8221;:false,&#8221;boxed_inverse&#8221;:true,&#8221;title_size&#8221;:&#8221;&#8221;,&#8221;text_size&#8221;:&#8221;&#8221;,&#8221;button_text&#8221;:&#8221;&#8221;,&#8221;button_style&#8221;:&#8221;circle&#8221;,&#8221;button_dimensions&#8221;:&#8221;&#8221;,&#8221;button_animation&#8221;:false,&#8221;extra_content&#8221;:&#8221;&#8221;,&#8221;extra_content_2&#8243;:&#8221;&#8221;,&#8221;text&#8221;:&#8221;UPC q\u00eb n\u00eb fillimet e saj e kishte t\u00eb njohur se nj\u00eb kompanie i shtohen vlerat nga kualiteti i pun\u00ebs dhe menaxhimit t\u00eb saj, prandaj organizimi i operativ\u00ebs dhe besnik\u00ebria q\u00eb krijojm\u00eb me klientet njihen si vlerat tona kryesore. \\n&#8221;,&#8221;link_type&#8221;:&#8221;classic&#8221;,&#8221;lightbox_animation&#8221;:&#8221;&#8221;,&#8221;caption&#8221;:&#8221;&#8221;,&#8221;inner_caption&#8221;:false,&#8221;new_window&#8221;:false,&#8221;link&#8221;:&#8221;&#8221;,&#8221;link_content&#8221;:[],&#8221;lightbox_size&#8221;:&#8221;&#8221;,&#8221;scrollbox&#8221;:false}]}]}],&#8221;section_settings&#8221;:&#8221;&#8221;},&#8221;section_XqK02&#8243;:{&#8220;component&#8221;:&#8221;hc_section&#8221;,&#8221;id&#8221;:&#8221;section_XqK02&#8243;,&#8221;section_width&#8221;:&#8221;&#8221;,&#8221;animation&#8221;:&#8221;&#8221;,&#8221;animation_time&#8221;:&#8221;&#8221;,&#8221;timeline_animation&#8221;:&#8221;&#8221;,&#8221;timeline_delay&#8221;:&#8221;&#8221;,&#8221;timeline_order&#8221;:&#8221;&#8221;,&#8221;vertical_row&#8221;:&#8221;&#8221;,&#8221;box_middle&#8221;:&#8221;&#8221;,&#8221;css_classes&#8221;:&#8221;&#8221;,&#8221;custom_css_classes&#8221;:&#8221;&#8221;,&#8221;custom_css_styles&#8221;:&#8221;&#8221;,&#8221;section_content&#8221;:[{&#8220;component&#8221;:&#8221;hc_column&#8221;,&#8221;id&#8221;:&#8221;column_pBIrt&#8221;,&#8221;column_width&#8221;:&#8221;col-md-6&#8243;,&#8221;animation&#8221;:&#8221;&#8221;,&#8221;animation_time&#8221;:&#8221;&#8221;,&#8221;timeline_animation&#8221;:&#8221;&#8221;,&#8221;timeline_delay&#8221;:&#8221;&#8221;,&#8221;timeline_order&#8221;:&#8221;&#8221;,&#8221;css_classes&#8221;:&#8221;&#8221;,&#8221;custom_css_classes&#8221;:&#8221;&#8221;,&#8221;custom_css_styles&#8221;:&#8221;&#8221;,&#8221;main_content&#8221;:[{&#8220;component&#8221;:&#8221;hc_text_block&#8221;,&#8221;id&#8221;:&#8221;Nw4xt&#8221;,&#8221;css_classes&#8221;:&#8221;&#8221;,&#8221;custom_css_classes&#8221;:&#8221;&#8221;,&#8221;custom_css_styles&#8221;:&#8221;&#8221;,&#8221;content&#8221;:&#8221;Sot Urban Plan Construction punon me nj\u00eb kapacitet prej gjasht\u00ebdhjet\u00eb pun\u00ebtor\u00eb e tredhjet\u00eb maqineri. N\u00eb kuad\u00ebr t\u00eb kompanis\u00eb vepron edhe fabrika p\u00ebr prodhimin e materialeve t\u00eb nd\u00ebrtimit, si\u00e7 jan\u00eb betoni dhe gurorja, poashtu posedon edhe dy hidrocentrale. \\nP\u00ebrgjat\u00eb gjith\u00eb k\u00ebtyre viteve u jemi p\u00ebrkushtuar k\u00ebrkesave t\u00eb klient\u00ebve tan\u00eb duke u ofruar cil\u00ebsi dhe standarde t\u00eb larta. \u00c7el\u00ebsi i suksesit ton\u00eb q\u00ebndron n\u00eb sh\u00ebrbimet kualitative, t\u00eb sigurta dhe t\u00eb besueshme t\u00eb nd\u00ebrtimit t\u00eb s\u00eb ardhmes tuaj.&#8221;}]},{&#8220;component&#8221;:&#8221;hc_column&#8221;,&#8221;id&#8221;:&#8221;column_HGJWk&#8221;,&#8221;column_width&#8221;:&#8221;col-md-6&#8243;,&#8221;animation&#8221;:&#8221;&#8221;,&#8221;animation_time&#8221;:&#8221;&#8221;,&#8221;timeline_animation&#8221;:&#8221;&#8221;,&#8221;timeline_delay&#8221;:&#8221;&#8221;,&#8221;timeline_order&#8221;:&#8221;&#8221;,&#8221;css_classes&#8221;:&#8221;&#8221;,&#8221;custom_css_classes&#8221;:&#8221;&#8221;,&#8221;custom_css_styles&#8221;:&#8221;&#8221;,&#8221;main_content&#8221;:[{&#8220;component&#8221;:&#8221;hc_image_slider&#8221;,&#8221;id&#8221;:&#8221;8hrKg&#8221;,&#8221;css_classes&#8221;:&#8221;white &#8220;,&#8221;custom_css_classes&#8221;:&#8221;&#8221;,&#8221;custom_css_styles&#8221;:&#8221;&#8221;,&#8221;slides&#8221;:[{&#8220;component&#8221;:&#8221;hc_upload_img&#8221;,&#8221;id&#8221;:&#8221;glQJ8&#8243;,&#8221;link&#8221;:&#8221;https:\/\/upc.mk\/wp-content\/uploads\/2019\/05\/ffff.jpg|450|800|100000764&#8243;},{&#8220;component&#8221;:&#8221;hc_upload_img&#8221;,&#8221;id&#8221;:&#8221;01iBm&#8221;,&#8221;link&#8221;:&#8221;https:\/\/upc.mk\/wp-content\/uploads\/2019\/05\/fff.jpg|450|800|100000763&#8243;},{&#8220;component&#8221;:&#8221;hc_upload_img&#8221;,&#8221;id&#8221;:&#8221;2GwjP&#8221;,&#8221;link&#8221;:&#8221;https:\/\/upc.mk\/wp-content\/uploads\/2019\/05\/1.jpg|450|800|100000930&#8243;},{&#8220;component&#8221;:&#8221;hc_upload_img&#8221;,&#8221;id&#8221;:&#8221;OYsv0&#8243;,&#8221;link&#8221;:&#8221;https:\/\/upc.mk\/wp-content\/uploads\/2019\/05\/2.jpg|450|800|100000931&#8243;},{&#8220;component&#8221;:&#8221;hc_upload_img&#8221;,&#8221;id&#8221;:&#8221;mwAPx&#8221;,&#8221;link&#8221;:&#8221;https:\/\/upc.mk\/wp-content\/uploads\/2019\/05\/3.jpg|450|800|100000932&#8243;},{&#8220;component&#8221;:&#8221;hc_upload_img&#8221;,&#8221;id&#8221;:&#8221;tcpCB&#8221;,&#8221;link&#8221;:&#8221;https:\/\/upc.mk\/wp-content\/uploads\/2019\/05\/4.jpg|450|800|100000933&#8243;},{&#8220;component&#8221;:&#8221;hc_upload_img&#8221;,&#8221;id&#8221;:&#8221;Jjl5N&#8221;,&#8221;link&#8221;:&#8221;https:\/\/upc.mk\/wp-content\/uploads\/2019\/05\/5.jpg|450|800|100000934&#8243;},{&#8220;component&#8221;:&#8221;hc_upload_img&#8221;,&#8221;id&#8221;:&#8221;jfoST&#8221;,&#8221;link&#8221;:&#8221;https:\/\/upc.mk\/wp-content\/uploads\/2019\/05\/6.jpg|450|800|100000935&#8243;},{&#8220;component&#8221;:&#8221;hc_upload_img&#8221;,&#8221;id&#8221;:&#8221;186pb&#8221;,&#8221;link&#8221;:&#8221;https:\/\/upc.mk\/wp-content\/uploads\/2019\/05\/7.jpg|450|800|100000936&#8243;},{&#8220;component&#8221;:&#8221;hc_upload_img&#8221;,&#8221;id&#8221;:&#8221;nog3R&#8221;,&#8221;link&#8221;:&#8221;https:\/\/upc.mk\/wp-content\/uploads\/2019\/05\/8.jpg|450|800|100000937&#8243;},{&#8220;component&#8221;:&#8221;hc_upload_img&#8221;,&#8221;id&#8221;:&#8221;LAVxN&#8221;,&#8221;link&#8221;:&#8221;https:\/\/upc.mk\/wp-content\/uploads\/2019\/05\/9.jpg|450|800|100000938&#8243;},{&#8220;component&#8221;:&#8221;hc_upload_img&#8221;,&#8221;id&#8221;:&#8221;dOkLZ&#8221;,&#8221;link&#8221;:&#8221;https:\/\/upc.mk\/wp-content\/uploads\/2019\/05\/10.jpg|450|800|100000939&#8243;},{&#8220;component&#8221;:&#8221;hc_upload_img&#8221;,&#8221;id&#8221;:&#8221;juQbH&#8221;,&#8221;link&#8221;:&#8221;https:\/\/upc.mk\/wp-content\/uploads\/2019\/05\/11.jpg|450|800|100000940&#8243;},{&#8220;component&#8221;:&#8221;hc_upload_img&#8221;,&#8221;id&#8221;:&#8221;UXU1H&#8221;,&#8221;link&#8221;:&#8221;https:\/\/upc.mk\/wp-content\/uploads\/2019\/05\/12.jpg|450|800|100000941&#8243;},{&#8220;component&#8221;:&#8221;hc_upload_img&#8221;,&#8221;id&#8221;:&#8221;qb6wQ&#8221;,&#8221;link&#8221;:&#8221;https:\/\/upc.mk\/wp-content\/uploads\/2019\/05\/13.jpg|450|800|100000942&#8243;},{&#8220;component&#8221;:&#8221;hc_upload_img&#8221;,&#8221;id&#8221;:&#8221;ZJNHS&#8221;,&#8221;link&#8221;:&#8221;https:\/\/upc.mk\/wp-content\/uploads\/2019\/05\/14.jpg|450|800|100000943&#8243;},{&#8220;component&#8221;:&#8221;hc_upload_img&#8221;,&#8221;id&#8221;:&#8221;V5yrx&#8221;,&#8221;link&#8221;:&#8221;https:\/\/upc.mk\/wp-content\/uploads\/2019\/05\/15.jpg|450|800|100000944&#8243;}],&#8221;outer_arrows&#8221;:false,&#8221;visible_arrows&#8221;:false,&#8221;nav_inner&#8221;:true,&#8221;lightbox&#8221;:true,&#8221;lightbox_animation&#8221;:&#8221;fade-top&#8221;,&#8221;image_animation&#8221;:&#8221;scale-up&#8221;,&#8221;thumb_size&#8221;:&#8221;large&#8221;,&#8221;image_size&#8221;:&#8221;large&#8221;,&#8221;thumbnail&#8221;:true,&#8221;png-over&#8221;:false,&#8221;custom_classes&#8221;:&#8221;&#8221;,&#8221;trigger&#8221;:&#8221;&#8221;,&#8221;data_options&#8221;:&#8221;slideshowSpeed:5000&#8243;,&#8221;type&#8221;:&#8221;slider&#8221;}]}],&#8221;section_settings&#8221;:&#8221;&#8221;},&#8221;scripts&#8221;:{&#8220;parallax&#8221;:&#8221;parallax.min.js&#8221;,&#8221;lightbox&#8221;:&#8221;jquery.magnific-popup.min.js&#8221;,&#8221;flexslider&#8221;:&#8221;flexslider\/jquery.flexslider-min.js&#8221;},&#8221;css&#8221;:{&#8220;lightbox&#8221;:&#8221;scripts\/magnific-popup.css&#8221;,&#8221;content_box&#8221;:&#8221;css\/content-box.css&#8221;,&#8221;flexslider&#8221;:&#8221;scripts\/flexslider\/flexslider.css&#8221;},&#8221;css_page&#8221;:&#8221;&#8221;,&#8221;template_setting&#8221;:{&#8220;settings&#8221;:{&#8220;id&#8221;:&#8221;settings&#8221;}},&#8221;template_setting_top&#8221;:{},&#8221;page_setting&#8221;:{&#8220;settings&#8221;:[&#8220;lock-mode-off&#8221;]}}<\/p>\n","protected":false},"excerpt":{"rendered":"<p>{&#8220;main-title&#8221;:{&#8220;component&#8221;:&#8221;hc_title&#8221;,&#8221;id&#8221;:&#8221;main-title&#8221;,&#8221;title&#8221;:&#8221;About us two&#8221;,&#8221;subtitle&#8221;:&#8221;Jemi ngritur mbi vlera, prandaj q\u00ebndrojm\u00eb fuqish\u00ebm n\u00eb k\u00ebmb\u00eb&#8221;,&#8221;title_content&#8221;:{&#8220;component&#8221;:&#8221;hc_title_image&#8221;,&#8221;id&#8221;:&#8221;title-image&#8221;,&#8221;image&#8221;:&#8221;https:\/\/upc.mk\/wp-content\/uploads\/2019\/05\/2-ret-nesh-1024&#215;347.jpg|650|1920|100000873&#8243;,&#8221;full_screen&#8221;:false,&#8221;full_screen_height&#8221;:&#8221;&#8221;,&#8221;parallax&#8221;:true,&#8221;bleed&#8221;:&#8221;&#8221;,&#8221;ken_burn&#8221;:&#8221;ken-burn&#8221;,&#8221;overlay&#8221;:&#8221;transparent-dark&#8221;,&#8221;breadcrumbs&#8221;:true,&#8221;white&#8221;:true}},&#8221;section_Zjwvn&#8221;:{&#8220;component&#8221;:&#8221;hc_section&#8221;,&#8221;id&#8221;:&#8221;section_Zjwvn&#8221;,&#8221;section_width&#8221;:&#8221;&#8221;,&#8221;animation&#8221;:&#8221;&#8221;,&#8221;animation_time&#8221;:&#8221;&#8221;,&#8221;timeline_animation&#8221;:&#8221;&#8221;,&#8221;timeline_delay&#8221;:&#8221;&#8221;,&#8221;timeline_order&#8221;:&#8221;&#8221;,&#8221;vertical_row&#8221;:&#8221;&#8221;,&#8221;box_middle&#8221;:&#8221;&#8221;,&#8221;css_classes&#8221;:&#8221;no-padding-bottom &#8220;,&#8221;custom_css_classes&#8221;:&#8221;&#8221;,&#8221;custom_css_styles&#8221;:&#8221;&#8221;,&#8221;section_content&#8221;:[{&#8220;component&#8221;:&#8221;hc_column&#8221;,&#8221;id&#8221;:&#8221;X0moe&#8221;,&#8221;column_width&#8221;:&#8221;col-md-12&#8243;,&#8221;animation&#8221;:&#8221;&#8221;,&#8221;animation_time&#8221;:&#8221;&#8221;,&#8221;timeline_animation&#8221;:&#8221;&#8221;,&#8221;timeline_delay&#8221;:&#8221;&#8221;,&#8221;timeline_order&#8221;:&#8221;&#8221;,&#8221;css_classes&#8221;:&#8221;vertical-row &#8220;,&#8221;custom_css_classes&#8221;:&#8221;&#8221;,&#8221;custom_css_styles&#8221;:&#8221;&#8221;,&#8221;main_content&#8221;:[{&#8220;component&#8221;:&#8221;hc_column&#8221;,&#8221;id&#8221;:&#8221;MQSgS&#8221;,&#8221;column_width&#8221;:&#8221;col-md-12&#8243;,&#8221;animation&#8221;:&#8221;&#8221;,&#8221;animation_time&#8221;:&#8221;&#8221;,&#8221;timeline_animation&#8221;:&#8221;&#8221;,&#8221;timeline_delay&#8221;:&#8221;&#8221;,&#8221;timeline_order&#8221;:&#8221;&#8221;,&#8221;css_classes&#8221;:&#8221;col-sm-12 &#8220;,&#8221;custom_css_classes&#8221;:&#8221;&#8221;,&#8221;custom_css_styles&#8221;:&#8221;&#8221;,&#8221;main_content&#8221;:[{&#8220;component&#8221;:&#8221;hc_column&#8221;,&#8221;id&#8221;:&#8221;cz1CB&#8221;,&#8221;column_width&#8221;:&#8221;col-md-6&#8243;,&#8221;animation&#8221;:&#8221;&#8221;,&#8221;animation_time&#8221;:&#8221;&#8221;,&#8221;timeline_animation&#8221;:&#8221;&#8221;,&#8221;timeline_delay&#8221;:&#8221;&#8221;,&#8221;timeline_order&#8221;:&#8221;&#8221;,&#8221;css_classes&#8221;:&#8221;col-sm-6 &#8220;,&#8221;custom_css_classes&#8221;:&#8221;&#8221;,&#8221;custom_css_styles&#8221;:&#8221;&#8221;,&#8221;main_content&#8221;:[{&#8220;component&#8221;:&#8221;hc_image&#8221;,&#8221;id&#8221;:&#8221;USU6r&#8221;,&#8221;css_classes&#8221;:&#8221;&#8221;,&#8221;custom_css_classes&#8221;:&#8221;&#8221;,&#8221;custom_css_styles&#8221;:&#8221;&#8221;,&#8221;image&#8221;:&#8221;https:\/\/upc.mk\/wp-content\/uploads\/2019\/05\/sejdi-1024&#215;765.jpg|765|1024|100001018&#8243;,&#8221;alt&#8221;:&#8221;&#8221;,&#8221;thumb_size&#8221;:&#8221;large&#8221;}]},{&#8220;component&#8221;:&#8221;hc_column&#8221;,&#8221;id&#8221;:&#8221;2XD2O&#8221;,&#8221;column_width&#8221;:&#8221;col-md-6&#8243;,&#8221;animation&#8221;:&#8221;&#8221;,&#8221;animation_time&#8221;:&#8221;&#8221;,&#8221;timeline_animation&#8221;:&#8221;&#8221;,&#8221;timeline_delay&#8221;:&#8221;&#8221;,&#8221;timeline_order&#8221;:&#8221;&#8221;,&#8221;css_classes&#8221;:&#8221;col-sm-12 &#8220;,&#8221;custom_css_classes&#8221;:&#8221;&#8221;,&#8221;custom_css_styles&#8221;:&#8221;&#8221;,&#8221;main_content&#8221;:[{&#8220;component&#8221;:&#8221;hc_title_tag&#8221;,&#8221;id&#8221;:&#8221;W6qVF&#8221;,&#8221;css_classes&#8221;:&#8221;no-margins text-color &#8220;,&#8221;custom_css_classes&#8221;:&#8221;&#8221;,&#8221;custom_css_styles&#8221;:&#8221;&#8221;,&#8221;text&#8221;:&#8221;We build&#8221;,&#8221;tag&#8221;:&#8221;h1&#8243;},{&#8220;component&#8221;:&#8221;hc_title_tag&#8221;,&#8221;id&#8221;:&#8221;OpsKx&#8221;,&#8221;css_classes&#8221;:&#8221;&#8221;,&#8221;custom_css_classes&#8221;:&#8221;&#8221;,&#8221;custom_css_styles&#8221;:&#8221;&#8221;,&#8221;text&#8221;:&#8221;the future&#8221;,&#8221;tag&#8221;:&#8221;h1&#8243;},{&#8220;component&#8221;:&#8221;hc_text_block&#8221;,&#8221;id&#8221;:&#8221;NHlIP&#8221;,&#8221;css_classes&#8221;:&#8221;&#8221;,&#8221;custom_css_classes&#8221;:&#8221;&#8221;,&#8221;custom_css_styles&#8221;:&#8221;&#8221;,&#8221;content&#8221;:&#8221;Urban Plan Construction (UPC) \u00ebsht\u00eb nj\u00eb kompani nd\u00ebrtimi vendore e cila operon n\u00eb treg q\u00eb n\u00eb vitin 1994. Kompania fillimisht u themelua si Shaza Komerc, nd\u00ebrsa n\u00eb vitin 2002 do t\u00eb njihet me emrin Shaza Trans. [&hellip;]<\/p>\n","protected":false},"author":1,"featured_media":0,"parent":0,"menu_order":0,"comment_status":"closed","ping_status":"closed","template":"","meta":{"footnotes":""},"class_list":["post-100000770","page","type-page","status-publish","hentry"],"_links":{"self":[{"href":"https:\/\/upc.mk\/sq\/wp-json\/wp\/v2\/pages\/100000770","targetHints":{"allow":["GET"]}}],"collection":[{"href":"https:\/\/upc.mk\/sq\/wp-json\/wp\/v2\/pages"}],"about":[{"href":"https:\/\/upc.mk\/sq\/wp-json\/wp\/v2\/types\/page"}],"author":[{"embeddable":true,"href":"https:\/\/upc.mk\/sq\/wp-json\/wp\/v2\/users\/1"}],"replies":[{"embeddable":true,"href":"https:\/\/upc.mk\/sq\/wp-json\/wp\/v2\/comments?post=100000770"}],"version-history":[{"count":3,"href":"https:\/\/upc.mk\/sq\/wp-json\/wp\/v2\/pages\/100000770\/revisions"}],"predecessor-version":[{"id":100001127,"href":"https:\/\/upc.mk\/sq\/wp-json\/wp\/v2\/pages\/100000770\/revisions\/100001127"}],"wp:attachment":[{"href":"https:\/\/upc.mk\/sq\/wp-json\/wp\/v2\/media?parent=100000770"}],"curies":[{"name":"wp","href":"https:\/\/api.w.org\/{rel}","templated":true}]}}